{"id":876,"date":"2018-01-26T12:22:35","date_gmt":"2018-01-26T11:22:35","guid":{"rendered":"http:\/\/www.pob80.de\/?page_id=876"},"modified":"2018-04-12T12:04:51","modified_gmt":"2018-04-12T10:04:51","slug":"links","status":"publish","type":"page","link":"https:\/\/www.pob80.de\/?page_id=876","title":{"rendered":"Links"},"content":{"rendered":"<p>Hinweis: mit &lt;- Pfeil zur\u00fcck im Browserfenster kommt ihr auf unsere Homepage zur\u00fcck<\/p>\n<p><b>Rechtlicher Hinweis:<\/b> Trotz eingehender Pr\u00fcfung distanzieren wir uns ausdr\u00fccklich von s\u00e4mtlichen Inhalten verlinkter Seiten. Alle Inhalte unserer Seiten und auch die Seiten selbst sind urheberrechtlich gesch\u00fctzt und d\u00fcrfen ohne Genehmigung des Urhebers nicht anderweitig verwendet werden. Zudem wird eine Haftung f\u00fcr etwaige Sch\u00e4den materieller und immaterieller Art grunds\u00e4tzlich ausgeschlossen. Dieser Hinweis ist rechtsverbindlich.<\/p>\n<p>BKV Bonn: <a href=\"http:\/\/www.fa-bkv-bonn.com\/oben\/tabellen.html\">http:\/\/www.fa-bkv-bonn.com\/oben\/tabellen.html<\/a><\/p>\n<p>SG Bonn 07: <a href=\"http:\/\/sgbonn07.npage.de\/home.html\">http:\/\/sgbonn07.npage.de\/home.html\u00a0<\/a><\/p>\n<p>Team Zack: <a href=\"http:\/\/kf.team-zack.de\/tabelle.php\">http:\/\/kf.team-zack.de\/tabelle.php<\/a><\/p>\n<p>SG J\u00e4gerhof Bonn: <a href=\"http:\/\/www.sgj\u00e4gerhof-bonn.de\/\">http:\/\/www.sgj\u00e4gerhof-bonn.de\/<\/a><\/p>\n<p>Team Rockpalast: <a href=\"http:\/\/www.team-rockpalast.de\/Willkommen.html\">http:\/\/www.team-rockpalast.de\/Willkommen.html<\/a><\/p>\n<p>SG interna 09:\u00a0 <a href=\"http:\/\/sg-interna.de\/news\/\">http:\/\/sg-interna.de\/news\/<\/a><\/p>\n<p>SG Uni Vandalia Bonn\u00b475 : <a href=\"http:\/\/www.univandalia.de\/\">http:\/\/www.univandalia.de\/<\/a><\/p>\n<p>SG Zappalia Bonn: <a href=\"http:\/\/www.univandalia.de\/\">http:\/\/www.univandalia.de\/<\/a><\/p>\n<p>BSG Polizei Godesberg: <a href=\"http:\/\/hansinho2006.wixsite.com\/bsg-pogo-1966\">http:\/\/hansinho2006.wixsite.com\/bsg-pogo-1966<\/a><\/p>\n<p>Torpedo Immenburg: <a href=\"https:\/\/www.facebook.com\/torpedoimmenburg\/\">https:\/\/www.facebook.com\/torpedoimmenburg\/<\/a><\/p>\n<p>SF Ippendorf AH I: <a href=\"http:\/\/www.sportfreundeippendorf.de\/senioren-fussball\/alte-herren-betriebssport\/\">http:\/\/www.sportfreundeippendorf.de\/senioren-fussball\/alte-herren-betriebssport\/<\/a><\/p>\n<p>ASG Uni Bonn : <a href=\"http:\/\/www.asg-uni-bonn.de\">www.asg-uni-bonn.de<\/a><\/p>\n<p>SG BMF\/BaFin: <a href=\"http:\/\/www.sg-bmf-bafin.de\">http:\/\/www.sg-bmf-bafin.de<\/a><\/p>\n<p>Bonobo United: <a href=\"http:\/\/www.bonobo-united.blogspot.de\">www.bonobo-united.blogspot.de<\/a><\/p>\n<p>SC BKA e.V.: <a href=\"http:\/\/www.sc-bka.de\">www.sc-bka.de<\/a><\/p>\n<p>SG Chateau Bonn: <a href=\"http:\/\/www.sg-chateau-bonn.de\">www.sg-chateau-bonn.de<\/a><\/p>\n<p>SV Ennert K\u00fcdinghoven: <a href=\"http:\/\/www.sv-ennert.de\">www.sv-ennert.de<\/a><\/p>\n<p>FSG Rheidt: <a href=\"http:\/\/www.fsg-rheidt.de\">www.fsg-rheidt.de<\/a><\/p>\n<p>GSC Bonn: <a href=\"http:\/\/www.gscbonn.jimdo.com\">www.gscbonn.jimdo.com<\/a><\/p>\n<p>KB Niederkassel: <a href=\"http:\/\/www.kbn93.de\/\">http:\/\/www.kbn93.de\/<\/a><\/p>\n<p>SSG Sankt Augustin: <a href=\"http:\/\/www.spvgg-niederpleis.de\">www.spvgg-niederpleis.de<\/a><\/p>\n<p>FV Preussen Bonn AH: <a href=\"http:\/\/www.fvpreussenbonn.de\">http:\/\/www.fvpreussenbonn.de<\/a><\/p>\n<p>Roisdorfer Quellen: <a href=\"http:\/\/www.roisdorfer-quellen.de\">www.roisdorfer-quellen.de<\/a><\/p>\n<p>BSV Roleber: <a href=\"http:\/\/www.bsv-roleber.de\">www.bsv-roleber.de<\/a><\/p>\n<p>Turbine Tulpenfeld: <a href=\"https:\/\/turbine-tulpenfeld.jimdo.com\/\">https:\/\/turbine-tulpenfeld.jimdo.com\/<\/a><\/p>\n<p>TuS P\u00fctzchen 05 e.V.: <a href=\"http:\/\/www.tuspuetzchen.com\">www.tuspuetzchen.com<\/a><\/p>\n<p>SV Vilich M\u00fcldorf AH: <a href=\"http:\/\/www.ah-vilich-mueldorf.de\">www.ah-vilich-mueldorf.de<\/a><\/p>\n<p>Wissen Bonn: <a href=\"http:\/\/www.bsg-wissen.de\">www.bsg-wissen.de<\/a><\/p>\n<p>ZAP Rheinaue: <a href=\"http:\/\/www.zap-rheinaue.de\">www.zap-rheinaue.de<\/a><\/p>\n","protected":false},"excerpt":{"rendered":"<p>Hinweis: mit &lt;- Pfeil zur\u00fcck im Browserfenster kommt ihr auf unsere Homepage zur\u00fcck Rechtlicher Hinweis: Trotz eingehender Pr\u00fcfung distanzieren wir uns ausdr\u00fccklich von s\u00e4mtlichen Inhalten verlinkter Seiten. Alle Inhalte unserer Seiten und auch die Seiten selbst sind urheberrechtlich gesch\u00fctzt und d\u00fcrfen ohne Genehmigung des Urhebers nicht anderweitig verwendet werden. Zudem wird eine Haftung f\u00fcr etwaige &hellip; <a href=\"https:\/\/www.pob80.de\/?page_id=876\" class=\"more-link\"><span class=\"screen-reader-text\">Links<\/span> weiterlesen <span class=\"meta-nav\">&rarr;<\/span><\/a><\/p>\n","protected":false},"author":2,"featured_media":0,"parent":0,"menu_order":0,"comment_status":"closed","ping_status":"closed","template":"","meta":[],"_links":{"self":[{"href":"https:\/\/www.pob80.de\/index.php?rest_route=\/wp\/v2\/pages\/876"}],"collection":[{"href":"https:\/\/www.pob80.de\/index.php?rest_route=\/wp\/v2\/pages"}],"about":[{"href":"https:\/\/www.pob80.de\/index.php?rest_route=\/wp\/v2\/types\/page"}],"author":[{"embeddable":true,"href":"https:\/\/www.pob80.de\/index.php?rest_route=\/wp\/v2\/users\/2"}],"replies":[{"embeddable":true,"href":"https:\/\/www.pob80.de\/index.php?rest_route=%2Fwp%2Fv2%2Fcomments&post=876"}],"version-history":[{"count":22,"href":"https:\/\/www.pob80.de\/index.php?rest_route=\/wp\/v2\/pages\/876\/revisions"}],"predecessor-version":[{"id":1331,"href":"https:\/\/www.pob80.de\/index.php?rest_route=\/wp\/v2\/pages\/876\/revisions\/1331"}],"wp:attachment":[{"href":"https:\/\/www.pob80.de\/index.php?rest_route=%2Fwp%2Fv2%2Fmedia&parent=876"}],"curies":[{"name":"wp","href":"https:\/\/api.w.org\/{rel}","templated":true}]}}