{"id":654,"date":"2018-01-15T10:35:22","date_gmt":"2018-01-15T09:35:22","guid":{"rendered":"http:\/\/www.pob80.de\/?page_id=654"},"modified":"2018-01-18T15:53:27","modified_gmt":"2018-01-18T14:53:27","slug":"saison-2014-2008","status":"publish","type":"page","link":"https:\/\/www.pob80.de\/?page_id=654","title":{"rendered":"Vergangenheit und Ereignisse"},"content":{"rendered":"<p>Hier findet ihr &#8222;\u00e4ltere&#8220; Infos \u00fcber die PoB80 von der Saison 2014 und \u00e4lter wie z.B. alte Tabellen, Erfolge, Aufstiege und Abstiege und Erinnerungen.<\/p>\n","protected":false},"excerpt":{"rendered":"<p>Hier findet ihr &#8222;\u00e4ltere&#8220; Infos \u00fcber die PoB80 von der Saison 2014 und \u00e4lter wie z.B. alte Tabellen, Erfolge, Aufstiege und Abstiege und Erinnerungen.<\/p>\n","protected":false},"author":2,"featured_media":0,"parent":0,"menu_order":0,"comment_status":"closed","ping_status":"closed","template":"","meta":[],"_links":{"self":[{"href":"https:\/\/www.pob80.de\/index.php?rest_route=\/wp\/v2\/pages\/654"}],"collection":[{"href":"https:\/\/www.pob80.de\/index.php?rest_route=\/wp\/v2\/pages"}],"about":[{"href":"https:\/\/www.pob80.de\/index.php?rest_route=\/wp\/v2\/types\/page"}],"author":[{"embeddable":true,"href":"https:\/\/www.pob80.de\/index.php?rest_route=\/wp\/v2\/users\/2"}],"replies":[{"embeddable":true,"href":"https:\/\/www.pob80.de\/index.php?rest_route=%2Fwp%2Fv2%2Fcomments&post=654"}],"version-history":[{"count":8,"href":"https:\/\/www.pob80.de\/index.php?rest_route=\/wp\/v2\/pages\/654\/revisions"}],"predecessor-version":[{"id":812,"href":"https:\/\/www.pob80.de\/index.php?rest_route=\/wp\/v2\/pages\/654\/revisions\/812"}],"wp:attachment":[{"href":"https:\/\/www.pob80.de\/index.php?rest_route=%2Fwp%2Fv2%2Fmedia&parent=654"}],"curies":[{"name":"wp","href":"https:\/\/api.w.org\/{rel}","templated":true}]}}