{"id":534,"date":"2017-06-24T13:04:30","date_gmt":"2017-06-24T11:04:30","guid":{"rendered":"http:\/\/www.pob80.de\/?page_id=534"},"modified":"2018-03-08T12:36:34","modified_gmt":"2018-03-08T11:36:34","slug":"mannschaftsstour-2017","status":"publish","type":"page","link":"https:\/\/www.pob80.de\/?page_id=534","title":{"rendered":"Mannschaftstour 2017"},"content":{"rendered":"<p style=\"text-align: center;\">Zur 2 t\u00e4gigen Mannschaftstour (10. &#8211; 11.06.2017) ging es dieses Jahr nach N\u00fcrnberg.<\/p>\n<p style=\"text-align: center;\">Samstagabend wurde das WM Qualifikationsspiel Deutschland &#8211; San Marino angeschaut mit anschlie\u00dfender Siegesfeier bis in die Morgenstunden. Sonntag morgen durften wir dann der Einladung folgen und zum zweiten Mal (nach 2015) am Cup der Fans teilnehmen.<\/p>\n<p style=\"text-align: center;\">Die Nationalmannschaft gewann das Spiel klar und \u00fcberlegen mit 7-0 Toren.<\/p>\n<p style=\"text-align: center;\">Es war f\u00fcr uns alle eine gro\u00dfe Ehre, in dem Stadion zu spielen, wo am Vorabend die Deutsche Nationalmannschaft San Marino mit 7-0 Toren geschlagen hatte.<\/p>\n<p style=\"text-align: center;\">Nach einer relativ kurzen Nacht wurden die ersten Spiele um 10 Uhr angepfiffen. Bei strahlendem Sonnenschein und gef\u00fchlten 30 Grad wurden die Spiele durchgef\u00fchrt. Die Schattenpl\u00e4tze waren sehr rar und dadurch auch sehr begehrt.\u00a0 Dank der sehr guten Organisation und der Unterst\u00fctzung durch Coca-Cola (mit Getr\u00e4nken und Sonnenschirmen) sowie Rossmann (Sonnencreme) haben wir alle den Tag relativ unbeschadet \u00fcberstanden.<\/p>\n<p style=\"text-align: center;\">Wir sind angetreten nach dem Motto &#8222;Dabei sein ist alles, lasst uns Spa\u00df haben&#8220;, aber es kam alles anders als wir dachten.<\/p>\n<p style=\"text-align: center;\">Wie die PoB 80 beim 9. Cup der Fans abgeschnitten hat, k\u00f6nnt ihr in den weiteren Zeilen lesen.<\/p>\n<p style=\"text-align: center;\">Viel Spa\u00df dabei.<\/p>\n<p>&nbsp;<\/p>\n<p style=\"text-align: center;\"><strong>\u00dcberraschungssieger beim &#8222;9. Cup der Fans&#8220;<\/strong><\/p>\n<p><img loading=\"lazy\" class=\"wp-image-1017 aligncenter\" src=\"https:\/\/www.pob80.de\/wp-content\/uploads\/Pokal-1-627x1024.jpg\" alt=\"\" width=\"224\" height=\"365\" srcset=\"https:\/\/www.pob80.de\/wp-content\/uploads\/Pokal-1-627x1024.jpg 627w, https:\/\/www.pob80.de\/wp-content\/uploads\/Pokal-1-184x300.jpg 184w, https:\/\/www.pob80.de\/wp-content\/uploads\/Pokal-1-768x1254.jpg 768w, https:\/\/www.pob80.de\/wp-content\/uploads\/Pokal-1.jpg 872w\" sizes=\"(max-width: 224px) 100vw, 224px\" \/><\/p>\n<p style=\"text-align: center;\">Dirk Maschner wird auf H\u00e4nden getragen. Im Stadion N\u00fcrnberg. Von seinen Mitspielern. Denn er war der Held des Tages. Der Torwart des Betriebssportvereins der Polizei Bonn (PoB 80) wuchs \u00fcber sich hinaus und sicherte seinem Team \u00fcberraschenden den Titel beim neunten <em>Cup der Fans<\/em>.<\/p>\n<p><img loading=\"lazy\" class=\"size-large wp-image-609 aligncenter\" src=\"https:\/\/www.pob80.de\/wp-content\/uploads\/IMG_6217-1024x683.jpg\" alt=\"\" width=\"604\" height=\"403\" srcset=\"https:\/\/www.pob80.de\/wp-content\/uploads\/IMG_6217-1024x683.jpg 1024w, https:\/\/www.pob80.de\/wp-content\/uploads\/IMG_6217-300x200.jpg 300w, https:\/\/www.pob80.de\/wp-content\/uploads\/IMG_6217-768x512.jpg 768w, https:\/\/www.pob80.de\/wp-content\/uploads\/IMG_6217.jpg 2048w\" sizes=\"(max-width: 604px) 100vw, 604px\" \/><\/p>\n<p style=\"text-align: center;\">Beim Hobbyturnier des Fan Club Nationalmannschaft powered by Coca-Cola einen Tag nach dem 7:0-Erfolg der DFB-Auswahl im WM-Qualifikationsspiel gegen San Marino wuchs der Keeper \u00fcber sich hinaus. Gerade in den entscheidenden Spielen. Im Finale gegen die Preu\u00dfen hielt er, was es zu halten gab. Vor allen Dingen im Neunmeterschie\u00dfen, das das Team von Fan Club-Betreuer Tom Roeder mit 2:1 gewann.<\/p>\n<p style=\"text-align: center;\"><strong>Bonner Catenaccio<\/strong><\/p>\n<p style=\"text-align: center;\">Dass die PoB 80 als strahlender Sieger aus dem Turnier hervorging, war zun\u00e4chst nicht abzusehen. In der Gruppenphase setzte es gegen die Preu\u00dfen noch eine 0:4-Klatsche. Doch wie die Helden von 1954 zeigten sich die Rheinl\u00e4nder im zweiten Aufeinandertreffen von einer anderen Seite. \u201eWir haben uns noch tiefer hinten reingestellt, damit sie uns mit ihrer spielerischen Klasse nicht wieder \u00fcberrollen\u201c, erkl\u00e4rt Roeder sein Erfolgsrezept.<\/p>\n<p><img loading=\"lazy\" class=\"size-large wp-image-611 aligncenter\" src=\"https:\/\/www.pob80.de\/wp-content\/uploads\/IMG_6219-1024x683.jpg\" alt=\"\" width=\"604\" height=\"403\" srcset=\"https:\/\/www.pob80.de\/wp-content\/uploads\/IMG_6219-1024x683.jpg 1024w, https:\/\/www.pob80.de\/wp-content\/uploads\/IMG_6219-300x200.jpg 300w, https:\/\/www.pob80.de\/wp-content\/uploads\/IMG_6219-768x512.jpg 768w, https:\/\/www.pob80.de\/wp-content\/uploads\/IMG_6219.jpg 2048w\" sizes=\"(max-width: 604px) 100vw, 604px\" \/><\/p>\n<p style=\"text-align: center;\">Und tats\u00e4chlich: Die Preu\u00dfen verzweifelten ein ums andere Mal am Abwehrbollwerk der PoB 80. Auch Dirk Maschner stellt seinen Vorderleuten ein gutes Zeugnis aus: \u201eDie Jungs haben einfach dicht gemacht.\u201c Und kamen die Preu\u00dfen doch mal vors Tor, war der 47-J\u00e4hrige Schlussmann entweder selbst zur Stelle oder konnte sich beim Aluminium bedanken. \u201eDas war echt der Horror\u201c, gibt er zu. \u201eIch hatte Angst, dass die mir am Ende noch einen reinhauen.<\/p>\n<p style=\"text-align: center;\"><strong>Faire Verlierer<\/strong><\/p>\n<p style=\"text-align: center;\">Doch es kam anders. Die PoB 80 zitterte sich ins Neunmeterschie\u00dfen. Die Paradedisziplin des Torh\u00fcters. Das mussten auch die Vorjahressieger L\u00fcnem\u00fcnster Luden im Halbfinale anerkennen. \u201eDa profitiere ich von meiner Erfahrung\u201c, erkl\u00e4rt Dirk Maschner, der seit seinem 14. Lebensjahr zwischen den Pfosten steht. Auch Mark Krasemann von den Preu\u00dfen erkennt die Leistung des Keepers an: \u201eDie Chancen waren da, aber der Keeper war einfach sensationell.\u201c Die M\u00fcnsterl\u00e4nder zeigten sich als faire Verlierer. Doppelt anst\u00e4ndig von ihnen, da sie schon beim achten <em>Cup der Fans<\/em>, 2015 in Frankfurt am Main, das Finale verloren \u2013 im Neunmeterschie\u00dfen gegen die L\u00fcnem\u00fcnster Luden.<\/p>\n<p><img loading=\"lazy\" class=\"size-large wp-image-610 aligncenter\" src=\"https:\/\/www.pob80.de\/wp-content\/uploads\/IMG_6218-1024x683.jpg\" alt=\"\" width=\"604\" height=\"403\" srcset=\"https:\/\/www.pob80.de\/wp-content\/uploads\/IMG_6218-1024x683.jpg 1024w, https:\/\/www.pob80.de\/wp-content\/uploads\/IMG_6218-300x200.jpg 300w, https:\/\/www.pob80.de\/wp-content\/uploads\/IMG_6218-768x512.jpg 768w, https:\/\/www.pob80.de\/wp-content\/uploads\/IMG_6218.jpg 2048w\" sizes=\"(max-width: 604px) 100vw, 604px\" \/><\/p>\n<p>Die Rheinland-Allstars, verpassten das Treppchen nur knapp, verloren das Neunmeterschie\u00dfen gegen die L\u00fcnem\u00fcnster Luden im Spiel um Platz drei. Der f\u00fcnfte Rang ging an die Schnickser, vor den Phrasendreschern und dem SV Seilerwiesen, der f\u00fcr FUSSBALL.DE an den Start ging. Platz acht belegte das Perspektivteam aus der Sektion Rheinland.<\/p>\n<p>(Quelle:\u00a0<a href=\"https:\/\/www.dfb.de\/news\/detail\/ueberraschungssieger-beim-cup-der-fans-168991\/?no_cache=1&amp;cHash=6aba8723bceb22f6e7c98f583b86a00d?no_cache=1\">https:\/\/www.dfb.de\/news\/detail\/ueberraschungssieger-beim-cup-der-fans-168991\/?no_cache=1&amp;cHash=6aba8723bceb22f6e7c98f583b86a00d?no_cache=1<\/a> )<\/p>\n","protected":false},"excerpt":{"rendered":"<p>Zur 2 t\u00e4gigen Mannschaftstour (10. &#8211; 11.06.2017) ging es dieses Jahr nach N\u00fcrnberg. Samstagabend wurde das WM Qualifikationsspiel Deutschland &#8211; San Marino angeschaut mit anschlie\u00dfender Siegesfeier bis in die Morgenstunden. Sonntag morgen durften wir dann der Einladung folgen und zum zweiten Mal (nach 2015) am Cup der Fans teilnehmen. Die Nationalmannschaft gewann das Spiel klar &hellip; <a href=\"https:\/\/www.pob80.de\/?page_id=534\" class=\"more-link\"><span class=\"screen-reader-text\">Mannschaftstour 2017<\/span> weiterlesen <span class=\"meta-nav\">&rarr;<\/span><\/a><\/p>\n","protected":false},"author":2,"featured_media":0,"parent":0,"menu_order":0,"comment_status":"closed","ping_status":"closed","template":"","meta":[],"_links":{"self":[{"href":"https:\/\/www.pob80.de\/index.php?rest_route=\/wp\/v2\/pages\/534"}],"collection":[{"href":"https:\/\/www.pob80.de\/index.php?rest_route=\/wp\/v2\/pages"}],"about":[{"href":"https:\/\/www.pob80.de\/index.php?rest_route=\/wp\/v2\/types\/page"}],"author":[{"embeddable":true,"href":"https:\/\/www.pob80.de\/index.php?rest_route=\/wp\/v2\/users\/2"}],"replies":[{"embeddable":true,"href":"https:\/\/www.pob80.de\/index.php?rest_route=%2Fwp%2Fv2%2Fcomments&post=534"}],"version-history":[{"count":9,"href":"https:\/\/www.pob80.de\/index.php?rest_route=\/wp\/v2\/pages\/534\/revisions"}],"predecessor-version":[{"id":1188,"href":"https:\/\/www.pob80.de\/index.php?rest_route=\/wp\/v2\/pages\/534\/revisions\/1188"}],"wp:attachment":[{"href":"https:\/\/www.pob80.de\/index.php?rest_route=%2Fwp%2Fv2%2Fmedia&parent=534"}],"curies":[{"name":"wp","href":"https:\/\/api.w.org\/{rel}","templated":true}]}}