{"id":449,"date":"2017-01-23T13:51:04","date_gmt":"2017-01-23T12:51:04","guid":{"rendered":"http:\/\/www.pob80.de\/?page_id=449"},"modified":"2018-01-15T09:53:36","modified_gmt":"2018-01-15T08:53:36","slug":"ergebnisse-saison-2017","status":"publish","type":"page","link":"https:\/\/www.pob80.de\/?page_id=449","title":{"rendered":"Ergebnisse Saison 2017"},"content":{"rendered":"<p><span style=\"color: #ff0000;\"><strong><span style=\"text-decoration: underline;\">1. Runde Pokal:<\/span><\/strong><\/span> 23.01.2017 \/\/ 18:00 Uhr \/\/ Kunstrasen<\/p>\n<p>Mannschaft: Dirk (Tor), Chris, Eule, Maik, Peter, Timo (C), Dennis, Eike, Mischa<\/p>\n<p>PoB 80 <span style=\"text-decoration: underline;\"><strong>1 &#8211; 3<\/strong><\/span> SSg Sankt Augustin<\/p>\n<p>Verlauf: 0:1 \/\/ 1:1, 1:2, 1:3<\/p>\n<p>Tore: Mischa<\/p>\n<p>Ein sehr holpriger Start in die Saison, kein gutes Spiel unsererseits und damit leider verdient verloren. Gegentore nach kontern kassiert.<\/p>\n<p>&nbsp;<\/p>\n<p><span style=\"text-decoration: underline; color: #ff0000;\"><strong>1. Spieltag:<\/strong><\/span> 27.01.2017 \/\/ 18:00 Uhr \/\/ Kunstrasen<\/p>\n<p>Mannschaft: Dirk (Tor), Eule, Maik, Martin, Sammy, Eike, Mischa<\/p>\n<p>Turbine Tulpenfeld <span style=\"text-decoration: underline;\"><strong>7 &#8211; 2<\/strong><\/span> PoB 80<\/p>\n<p>Tore: Sammy, Eike<\/p>\n<p>Leider auch mit einer Niederlage gegen einen Erstliga Absteiger in den Liga-Betrieb gestartet.<\/p>\n<p>&nbsp;<\/p>\n<p><span style=\"text-decoration: underline;\"><strong><span style=\"color: #0000ff; text-decoration: underline;\">2. Spieltag:<\/span><\/strong><\/span> 13.02.2017 \/\/ 18:00 Uhr \/\/ Kunstrasen<\/p>\n<p>Mannschaft: Dirk (Tor), Maik, Eule, Martin, Dennis, Marc, Timo (C), Sammy, Eike<\/p>\n<p>PoB 80 <span style=\"text-decoration: underline;\"><strong>\/ &#8211; \/<\/strong><\/span> SV Juventus<\/p>\n<p>Dadurch, dass der Gegner zu sp\u00e4t erschienen ist, haben wir uns geeinigt, 2&#215;25 Minuten zu spielen. Wir h\u00e4tten auch eine Wertung verlangen k\u00f6nnen. Im Spiel wurde schnell klar, dass vielen Spielern der Mannschaft die Kleinfeldregeln nicht bekannt sind, und auch nicht interessieren (Einw\u00fcrfe, Einwechseln, Mittellinie etc..). dazu kam eine Hoch aggressive Grundeinstellung einiger Spieler, die sich in diversen Beleidungen und Nachtreten \u00e4u\u00dferte, bis schlie\u00dflich der Kapit\u00e4n mit Gelb-Rot vom Platz gestellt wurde. 5 Minuten vor Ablauf der 2. 25 min fiel einer der Spieler nach einem harten Zweikampf ungl\u00fccklich auf seine Schulter\/Schl\u00fcsselbein und verletzte sich. Der Rot gesperrte Spieler st\u00fcrmte nun wieder den Platz und es kam zu Rudelbildungen und Provokationen. Das Spiel wurde hier vom Schiedsrichter abgebrochen. Durch den Zusatzbericht, den der Schiedsrichter verfasst hat, hat der BKV entschieden, dass das Spiel wiederholt wird.<\/p>\n<p>&nbsp;<\/p>\n<p><span style=\"color: #003300;\"><strong><span style=\"text-decoration: underline;\">3. Spieltag:<\/span><\/strong><\/span> 20.02.2017 \/\/ 18:00 Uhr \/\/ Kunstrasen<\/p>\n<p>Mannschaft: Dirk (Tor), Maik, Peter, Eule, Dennis, Marc, Sammy, Eike<\/p>\n<p>PoB 80 <strong><span style=\"text-decoration: underline;\">2 &#8211; 2<\/span> <\/strong>Pauke 08<\/p>\n<p>Tore: 2 x Sammy<\/p>\n<p>Ein faires Spiel, mit guten Ans\u00e4tzen, das auf die n\u00e4chsten Spiele hoffen l\u00e4sst. Eine deutliche Steigerung.<\/p>\n<p>&nbsp;<\/p>\n<p><span style=\"text-decoration: underline; color: #003300;\"><strong>4. Spieltag:<\/strong><\/span> 06.03.2017 \/\/ 18:00 Uhr \/\/ Kunstrasen<\/p>\n<p>Mannschaft: Dirk (Tor), Eule, Peter, Micha, Martin, Timo (C), Sammy, Eike, Mischa<\/p>\n<p>PoB 80 <span style=\"text-decoration: underline;\"><strong>4 -4<\/strong><\/span> Team Zack<\/p>\n<p>Verlauf: 1:0, 1:1, 2:1 \/\/ 2:2, 2:3, 3:3, 3:4, 4:4<\/p>\n<p>Tore: 2x Mischa, Martin, Timo<\/p>\n<p>Das Ergebnis war dem Spiel angemessen, eine Niederlage w\u00e4re f\u00fcr beide unverdient gewesen. Haben Phasenweise sehr gut und konzentriert gespielt, aber in beiden Halbzeiten jeweils 5-10 Minuten die Disziplin schleifen lassen, und dort auch die Gegentore kassiert.<\/p>\n<p>&nbsp;<\/p>\n<p><span style=\"text-decoration: underline; color: #00ff00;\"><strong>5. Spieltag:<\/strong><\/span> 13.03.2017 \/\/ 18:00 Uhr \/\/ Kunstrasen<\/p>\n<p>Mannschaft: Dirk (Tor), Eule, Peter, Michael, Martin, Dennis, Timo (C), Eike, Mischa<\/p>\n<p>PoB 80 <span style=\"text-decoration: underline;\"><strong>3 &#8211; 1<\/strong> <\/span>ASG Uni Bonn 1<\/p>\n<p>Verlauf: 1:0, 1:1, 2:1 \/\/ 3:1<\/p>\n<p>Tore: 2x Mischa, Timo<\/p>\n<p>Diszipliniertes und starkes Spiel in einem eigentlich nie gef\u00e4hrdeten Spiel. Starke Mannschaftsleistung und verdienter erster Sieg der Saison.<\/p>\n<p>&nbsp;<\/p>\n<p><span style=\"text-decoration: underline; color: #ff0000;\"><strong>6. Spieltag:<\/strong><\/span> 20.03.2017 \/\/ 19:30 Uhr \/\/ Kunstrasen<\/p>\n<p>Mannschaft: Dirk (Tor), Eule, Micha, Chris, Eike, Tom(C), Mischa<\/p>\n<p>FC Pliska Bonn <span style=\"text-decoration: underline;\"><strong>2 &#8211; 1<\/strong><\/span> PoB 80<\/p>\n<p>Verlauf: 1:0, 1:1 \/\/ 2:1<\/p>\n<p>Tore: Mischa<\/p>\n<p>Mit Notbesetzung trotzdem ein starkes Spiel gemacht, aber gegen Ende haben sich die fehlender Wechselspieler bemerkbar gemacht und die Kr\u00e4fte wurden schw\u00e4cher. Dadurch den Siegtreffer verpasst und selber noch einen kassiert. Trotz allem ein starkes Spiel.<\/p>\n<p>&nbsp;<\/p>\n<p><span style=\"text-decoration: underline; color: #ff0000;\"><strong>7. Spieltag:<\/strong><\/span> 27:03.2017 \/\/ 18:00 Uhr \/\/ Kunstrasen<\/p>\n<p>Mannschaft: Dirk (Tor), Micha, Peter, Martin, Timo (C), Sammy, Eike, Mischa<\/p>\n<p>Aktion Mensch <span style=\"text-decoration: underline;\"><strong>10 &#8211; 4<\/strong><\/span> PoB 80<\/p>\n<p>Verlauf: 0:1, 1:1, 1:2, 1:3 \/\/ 1:4, 1:5, 2:5, 3:5, 3:6, 3:7, 3:8, 4:8, 5:8, 5:9, 5:10<\/p>\n<p>Tore, Timo, Micha, Mischa 2x<\/p>\n<p>Schnelles 1:0 (nach 1 min) f\u00fcr uns, und danach gef\u00fchlt ein runterschalten der gesamten Mannschaft. Dadurch dem folgenden Ansturm nicht gewachsen und Tore kassiert. gegen Ende der ersten halbzeit wieder stark gest\u00fcrmt, aber die Chancen nicht optimal genutzt. Hier h\u00e4tte schon ein Ausgleich oder sogar die F\u00fchrung wiederhergestellt werden k\u00f6nnen. So ging es dann in der 2. halbzeit weiter, der Gegner spielte rein Offensiv, hohes Pressing und nutzte seine Chancen. Wir hatten ebenfalls ausreichend Chancen durch deren hohe Offensive, die war aber leider nur begrenzt nutzen konnten. H\u00e4tte auch 10-10 ausgehen k\u00f6nnen, nat\u00fcrlich sehr sehr \u00e4rgerlich 10 Dinger selber eingeschenkt zu bekommen.<\/p>\n<p>Mittlerweile sind wir auch im Abstiegskampf angekommen, aber noch lange nicht abgerissen.<\/p>\n<p>&nbsp;<\/p>\n<p><span style=\"text-decoration: underline; color: #003300;\"><strong>17. Spieltag:<\/strong><\/span> 03.04.2017 \/\/ 18:30 \/\/ Kunstrasen (vorverlegt)<\/p>\n<p>Mannschaft: Dirk (Tor), Casi, Eule, Micha, Peter, Timo (C), Sammy<\/p>\n<p>Team Zack <span style=\"text-decoration: underline;\"><strong>2 &#8211; 2<\/strong><\/span> PoB 80<\/p>\n<p>Verlauf: 0:1 \/\/ 0:2, 1:2, 2:2<\/p>\n<p>Tore: Sammy, Eule<\/p>\n<p>Starker Beginn, deutlich dominiert und verdient gef\u00fchrt. Zum Ende der ersten Halbzeit wurde Sammy recht grob abger\u00e4umt und konnte von da an auch nicht mehr mitspielen. Zum Ende des Spiels fehlte dann die Konzentration und wir fingen uns zwei dumme Dinger ein.<\/p>\n<p>Mittlerweile stehen wir Punktgleich mit dem ersten Abtiegsplatz, aber auch das Mittelfeld ist nicht weit weg.<\/p>\n<p>&nbsp;<\/p>\n<p><span style=\"text-decoration: underline; color: #00ff00;\"><strong>8. Spieltag:<\/strong><\/span> 24.04.2017 \/\/ 19:00 Uhr<\/p>\n<p>Mannschaft: Dirk (Tor), Maik, Eule, Micha, Dennis, Timo (C), Eike, Mischa<\/p>\n<p>BSG BmVG I <span style=\"text-decoration: underline;\"><strong>3 &#8211; 5<\/strong> <\/span>PoB 80<\/p>\n<p>Verlauf: 0:4 \/\/3:4, 3:5<\/p>\n<p>Tore: Timo, Mischa, Dennis, Eule, Maik<\/p>\n<p>Hatten das Spiel komplett unter Kontrolloe, diese dann aber in der zweiten Halbzeit nahezu komplett aufgegeben. Trotz allem hat es noch zum Sieg gereicht. Starker Weitschuss von Maik, aus dem eigenen Strafraum bis ins gegnerische Tor.<\/p>\n<p>&nbsp;<\/p>\n<p><span style=\"text-decoration: underline; color: #00ff00;\"><strong>9. Spieltag:<\/strong><\/span> 08.05.2017 \/\/ 18:00 Uhr<\/p>\n<p>Mannschaft: Dirk (Tor), Eule, Maik, Peter, Marc, Timo (C), Sammy, Mischa, Eike<\/p>\n<p>Sg Bonn 07 <span style=\"text-decoration: underline;\"><strong>0 &#8211; 4<\/strong><\/span> PoB 80<\/p>\n<p>Spielabsage des Gegners, daher Wertung f\u00fcr uns.<\/p>\n<p>&nbsp;<\/p>\n<p><span style=\"text-decoration: underline; color: #ff0000;\"><strong>10. Spieltag:<\/strong><\/span> 16.05.2017 \/\/\u00a0 18:00 Uhr<\/p>\n<p>Mannschaft: Dirk (Tor), Maik, Martin, Peter, Dennis, Timo (C), Eike, Mischa<\/p>\n<p>PoB 80 <span style=\"text-decoration: underline;\"><strong>0 &#8211; 3<\/strong><\/span> Wutz United<\/p>\n<p>Verlauf: 0:1 \/\/ 0:3<\/p>\n<p>Es ging gegen eins der besten Teams aus der Liga, und lange konnten wir das 0:1 halten. Gegen Ende forderte die ersch\u00f6pfung dann aber ihren Tribut. Defensiv standen wir gut, Offensiv lief leider sehr wenig und schlecht ausgespielt.<\/p>\n<p>&nbsp;<\/p>\n<p><span style=\"text-decoration: underline; color: #ff0000;\"><strong>11. Spieltag:<\/strong><\/span> 22.05.2017 \/\/ 18:00 Uhr<\/p>\n<p>Mannschaft: Martin (Tor), Peter, Maik, Micha, Eule, Timo (C), Sammy, Eike<\/p>\n<p>PoB 80 <span style=\"text-decoration: underline;\"><strong>3 &#8211; 8<\/strong><\/span> Ennert K\u00fcdinghoven II<\/p>\n<p>Verlauf: 0:4 \/\/ 1:4, 1:6, 2:6, 2:8, 3:8<\/p>\n<p>Tore: Micha, Timo, Eike<\/p>\n<p>Unser schlechtestes Spiel der Saison, Offensiv wie Defensiv komplett \u00fcberfordert und ohne Absprache, wenig gelaufen, insgesamt absolut schlecht von uns.<\/p>\n<p>&nbsp;<\/p>\n<p><span style=\"text-decoration: underline;\"><strong><span style=\"color: #003300; text-decoration: underline;\">12. Spieltag:<\/span><\/strong><\/span> 29.05.2017 \/\/ 18:00 Uhr<\/p>\n<p>Mannschaft: Martin (Tor), Casi, Micha, Marc, Timo (C), Sammy, Eike<\/p>\n<p>PoB 80 <span style=\"text-decoration: underline;\"><strong>4 &#8211; 4<\/strong><\/span> Polizei bad Godesberg II<\/p>\n<p>Verlauf: 0:2 \/\/ 3:2, 3:4, 4:4<\/p>\n<p>Tore: 2x Sammy, Micha, Marc<\/p>\n<p>Nach dem entt\u00e4uschenden letzten Spiel gab es hier einen kompletten Wechsel: Bei gef\u00fchlten 50 Grad Sonne wurde durchgehend gek\u00e4mpft und gelaufen, ein 0:2 gegen starke Gegner aufgeholt und im Ergebnis ein Unentschieden erk\u00e4mpft, das sich wie ein Sieg angef\u00fchlt hat. Absolut starkes Spiel und eine starke Leistung von allen.<\/p>\n<p>&nbsp;<\/p>\n<p><span style=\"text-decoration: underline; color: #ff0000;\"><strong>Wiederholung 2. Spieltag:<\/strong><\/span> 12.06.2016 \/\/ 19:00 Uhr<\/p>\n<p>Mannschaft: Martin (Tor), Eule (C), Bernd, Marc, Dennis, Sammy, Eike, Mischa<\/p>\n<p>PoB 80 <span style=\"text-decoration: underline;\"><strong>1 &#8211; 3<\/strong><\/span> Sv Juventus<\/p>\n<p>Verlauf: 0:0 \/\/ 0:1, 1:1, 1:3<\/p>\n<p>Tor: Mischa<\/p>\n<p>Zun\u00e4chst sei zu sagen, dass das Spiel absolut Fair verlief und nicht an das abgebrochene Spiel ankn\u00fcpfte. Spielerisch war es von uns leider alles etwas ungenau&#8230;..viele kleine Fehler f\u00fchrten letztendlich zur Niederlage.<\/p>\n<p>&nbsp;<\/p>\n<p><span style=\"text-decoration: underline; color: #00ff00;\"><strong>13. Spieltag:<\/strong><\/span> 19.06.2017 \/\/ 19:00 Uhr<\/p>\n<p>Mannschaft: Dirk (Tor), Martin, Eule (C), Peter, Marc, Sammy, Mischa<\/p>\n<p>SG J\u00e4gerhof II <span style=\"text-decoration: underline;\"><strong>3 &#8211; 5<\/strong><\/span> PoB 80<\/p>\n<p>Verlauf: 2:0 \/\/ 2:4, 3:4, 3:5<\/p>\n<p>Tore: 3x Sammy, 2x Mischa<\/p>\n<p>Katastrophale 1. Halbzeit, Defensiv 2 mal nicht aufgepasst, Offensiv nicht eine Chance verwandelt. Ind er zweiten halbzeit dann die Kehrtwende, 4 Tore innerhalb k\u00fcrzester Zeit und so verdient den Sieg geholt.<\/p>\n<p>Tabellarisch stehen wir im sicheren Mittelfeld auf Platz 9, 7 Punkte Abstand zu den Abstiegspl\u00e4tzen und genauso viele Punkte bis Platz 4.<\/p>\n<p>&nbsp;<\/p>\n<p><span style=\"text-decoration: underline; color: #ff0000;\"><strong>14. Spieltag<\/strong><\/span>: 26.06.2017 \/\/ 18:00<\/p>\n<p>Mannschaft: &#8212;<\/p>\n<p>PoB 80 <span style=\"text-decoration: underline;\"><strong>0 &#8211; 4<\/strong><\/span> Turbine Tulpenfeld<\/p>\n<p>Unsere erste eigene Spielabsage der letzten Saisons, daher auch die erste Wertung gegen uns. Manchmal kommt halt alles zusammen&#8230;&#8230;<\/p>\n<p>&nbsp;<\/p>\n<p><span style=\"color: #ff0000;\"><strong>15. Spieltag<\/strong><\/span>: 10.07.2017 \/\/ 19:30 Uhr Beuel Ost<\/p>\n<p>Mannschaft: &#8212;<\/p>\n<p>SV Juventus\u00a0 <strong>10-1<\/strong> PoB 80<\/p>\n<p>&nbsp;<\/p>\n<p><span style=\"color: #000000;\"><strong>16. Spieltag<\/strong><\/span>: 03.07.2017 \/\/ 19:00 Uhr\u00a0 Hohe Stra\u00dfe<\/p>\n<p>Mannschaft: &#8212;<\/p>\n<p>Pauke<strong> 1-1<\/strong> PoB 80<\/p>\n<p>&nbsp;<\/p>\n<p><strong>17. Spieltag<\/strong>: 03.04.2017 \/\/ 18:30 Uhr Pennefeld (vorverlegt 11.09.2017)<\/p>\n<p>Mannschaft: &#8212;<\/p>\n<p>Team Zack <strong>2-2<\/strong> PoB 80<\/p>\n<p>&nbsp;<\/p>\n<p><span style=\"color: #ff0000;\"><strong>18. Spieltag<\/strong><\/span>:18.09.2017 \/\/ 19:00 Uhr Beuel Stadion<\/p>\n<p>Mannschaft: &#8212;<\/p>\n<p>ASG Uni Bonn <strong>2-0<\/strong> PoB 80<\/p>\n<p>&nbsp;<\/p>\n<p><span style=\"color: #ff0000;\"><strong>19. Spieltag<\/strong>:<\/span> 25.09.2017 \/\/ 18:00 Uhr Pennefeld<\/p>\n<p>Mannschaft: &#8212;<\/p>\n<p>PoB 80 <strong>1-7<\/strong>\u00a0 FC Pliska Bonn<\/p>\n<p>&nbsp;<\/p>\n<p><span style=\"color: #ff0000;\"><strong>20. Spieltag<\/strong>:<\/span> 09.10.2017 \/\/ 18:00 Uhr Pennefeld<\/p>\n<p>Mannschaft: &#8212;<\/p>\n<p>PoB 80 <strong>4-5\u00a0<\/strong> Aktion Mensch<\/p>\n<p>&nbsp;<\/p>\n<p><span style=\"color: #00ff00;\"><strong>21. Spieltag<\/strong><\/span>: 16.10.2017\/\/ 18:00 Uhr Pennefeld<\/p>\n<p>Mannschaft: &#8212;<\/p>\n<p>PoB 80 <strong>6-0<\/strong> BSG BMVg 1<\/p>\n<p>&nbsp;<\/p>\n<p><strong>22. Spieltag<\/strong>: 02.10.2017 \/\/ 19:00 Uhr Pennefeld (vorgezogen 11.12.2017)<\/p>\n<p>Mannschaft: &#8212;<\/p>\n<p>PoB 80 <strong>0 &#8211; 4<\/strong> SG Bonn 07<\/p>\n<p>&nbsp;<\/p>\n<p><strong>23. Spieltag<\/strong>: 30.10.2017 \/\/ 19:00 Uhr Plittersdorf<\/p>\n<p>Mannschaft: &#8212;<\/p>\n<p>Wutz United <strong>4-0<\/strong> PoB 80 (Wertung)<\/p>\n<p>&nbsp;<\/p>\n<p><strong>24. Spieltag<\/strong>: 20.11.2017 \/\/ 19:00 Uhr Finkenberg<\/p>\n<p>Mannschaft: &#8212;<\/p>\n<p>Ennert K\u00fcdinghoven II <strong>4-1<\/strong> PoB 80<\/p>\n<p>&nbsp;<\/p>\n<p><strong>25. Spieltag<\/strong>: 27.11.2017 \/\/ 19:15 Uhr Pennefeld<\/p>\n<p>Mannschaft: &#8212;<\/p>\n<p>BSG Polizei Bad Godesberg II <strong>5-5<\/strong> PoB 80<\/p>\n<p>Wenn man das Ergebnis sieht, m\u00fcsste man eigentlich sagen: mega Ergebnis gegen Godesberg II, aber an diesem Tag h\u00e4tten wir den Klassenerhalt eigentlich fest machen m\u00fcssen. Leider haben wir eine sensationelle 2-5 F\u00fchrung innerhalb der letzten 6. Minuten der zweiten H\u00e4lfte noch verspielt&#8230; Quasi mit dem Schlusspfiff gelang den Godersbergern noch der Ausgleich. Die Entt\u00e4uschung war sehr gro\u00df, eine gro\u00dfe k\u00e4mpferische Leistung wurde am Ende nicht belohnt. Jetzt m\u00fcssen wir doch noch zittern und n\u00e4chste Woche auf jeden Fall punkten.<\/p>\n<p><strong>26. Spieltag<\/strong>: 04.12.2017 \/\/ 18:00 Uhr Pennefeld<\/p>\n<p>Mannschaft: &#8212;<\/p>\n<p>PoB 80 <strong>1-1<\/strong> SG J\u00e4gerhof II<\/p>\n<p>Wenn man die Vorzeichen f\u00fcr dieses letzte Spiel sich anschaut, konnte man mit einer hitzigen Begegnung rechnen.\u00a0 Hier ging es f\u00fcr beide Mannschaften um alles.\u00a0 Trotz dieser Vorzeichen war es eines der fairsten Spiele in der Saison. Wir gingen durch einen Schiedsrichterfehler mit 1-0 in F\u00fchrung. Proteste seitens J\u00e4gerhofs beim Schiedsrichter blieben erfolglos. In diesem Moment zeigte die PoB80\u00a0 &gt;Fair Play&lt;. \u00a0 Nach dem Wiederanpfiff sind wir alle stehengeblieben und haben den Spieler von J\u00e4gerhof laufen gelassen, sodass er ungehindert das 1-1 schie\u00dfen konnte.\u00a0 Dannach hatten J\u00e4gerhof und wir noch einige Chancen das Spiel zu gewinnen. Am Ende haben wir das 1-1 \u00fcber die Spielzeit gebracht.<\/p>\n<p>Fazit: der Klassenerhalt wurde im letzen Spiel der Saison geschafft.<\/p>\n","protected":false},"excerpt":{"rendered":"<p>1. Runde Pokal: 23.01.2017 \/\/ 18:00 Uhr \/\/ Kunstrasen Mannschaft: Dirk (Tor), Chris, Eule, Maik, Peter, Timo (C), Dennis, Eike, Mischa PoB 80 1 &#8211; 3 SSg Sankt Augustin Verlauf: 0:1 \/\/ 1:1, 1:2, 1:3 Tore: Mischa Ein sehr holpriger Start in die Saison, kein gutes Spiel unsererseits und damit leider verdient verloren. Gegentore nach &hellip; <a href=\"https:\/\/www.pob80.de\/?page_id=449\" class=\"more-link\"><span class=\"screen-reader-text\">Ergebnisse Saison 2017<\/span> weiterlesen <span class=\"meta-nav\">&rarr;<\/span><\/a><\/p>\n","protected":false},"author":2,"featured_media":0,"parent":0,"menu_order":0,"comment_status":"closed","ping_status":"closed","template":"","meta":[],"_links":{"self":[{"href":"https:\/\/www.pob80.de\/index.php?rest_route=\/wp\/v2\/pages\/449"}],"collection":[{"href":"https:\/\/www.pob80.de\/index.php?rest_route=\/wp\/v2\/pages"}],"about":[{"href":"https:\/\/www.pob80.de\/index.php?rest_route=\/wp\/v2\/types\/page"}],"author":[{"embeddable":true,"href":"https:\/\/www.pob80.de\/index.php?rest_route=\/wp\/v2\/users\/2"}],"replies":[{"embeddable":true,"href":"https:\/\/www.pob80.de\/index.php?rest_route=%2Fwp%2Fv2%2Fcomments&post=449"}],"version-history":[{"count":13,"href":"https:\/\/www.pob80.de\/index.php?rest_route=\/wp\/v2\/pages\/449\/revisions"}],"predecessor-version":[{"id":635,"href":"https:\/\/www.pob80.de\/index.php?rest_route=\/wp\/v2\/pages\/449\/revisions\/635"}],"wp:attachment":[{"href":"https:\/\/www.pob80.de\/index.php?rest_route=%2Fwp%2Fv2%2Fmedia&parent=449"}],"curies":[{"name":"wp","href":"https:\/\/api.w.org\/{rel}","templated":true}]}}