{"id":248,"date":"2016-04-20T12:51:04","date_gmt":"2016-04-20T10:51:04","guid":{"rendered":"http:\/\/www.pob80.de\/?page_id=248"},"modified":"2016-04-21T00:42:33","modified_gmt":"2016-04-20T22:42:33","slug":"saison-2015","status":"publish","type":"page","link":"https:\/\/www.pob80.de\/?page_id=248","title":{"rendered":"Saison 2015"},"content":{"rendered":"<p>Nach einer sehr starken Hinrunde standen wir auf Platz 4 mit 1-2 Spielen weniger als die Erstplatzierten. In der R\u00fcckrunde ging dann eine Verletzungswelle durch die gesamte Mannschaft, die zu teils monatelangen Pausen f\u00fcr einige Spieler f\u00fchrte. Man konnte schon froh sein, wenn wir es geschafft haben, mit 6 Mann pro Spiel anzutreten. So wurden wir von ganz oben immer weiter nach unten durchgereicht. Ein unn\u00f6tiges Unentschieden jagte das n\u00e4chste und schon stand das letzte Spiel der Saison an: Gegen den direkten Abstiegskonkurrenten. Ein Sieg musste her, doch letztendlich war das Spiel beispielhaft f\u00fcr unsere Saison: Fr\u00fcher R\u00fcckstand, dann der Ausgleich und die F\u00fchrung, nicht in der Lage die F\u00fchrung zu verwalten und schlie\u00dflich die Niederlage&#8230;.<\/p>\n<p>&nbsp;<\/p>\n<p>Darauf folgte der Abstieg in die 3. Liga, mit dem einen klaren Ziel: AUFSTIEG!!<\/p>\n","protected":false},"excerpt":{"rendered":"<p>Nach einer sehr starken Hinrunde standen wir auf Platz 4 mit 1-2 Spielen weniger als die Erstplatzierten. In der R\u00fcckrunde ging dann eine Verletzungswelle durch die gesamte Mannschaft, die zu teils monatelangen Pausen f\u00fcr einige Spieler f\u00fchrte. Man konnte schon froh sein, wenn wir es geschafft haben, mit 6 Mann pro Spiel anzutreten. So wurden &hellip; <a href=\"https:\/\/www.pob80.de\/?page_id=248\" class=\"more-link\"><span class=\"screen-reader-text\">Saison 2015<\/span> weiterlesen <span class=\"meta-nav\">&rarr;<\/span><\/a><\/p>\n","protected":false},"author":2,"featured_media":0,"parent":0,"menu_order":0,"comment_status":"closed","ping_status":"closed","template":"","meta":[],"_links":{"self":[{"href":"https:\/\/www.pob80.de\/index.php?rest_route=\/wp\/v2\/pages\/248"}],"collection":[{"href":"https:\/\/www.pob80.de\/index.php?rest_route=\/wp\/v2\/pages"}],"about":[{"href":"https:\/\/www.pob80.de\/index.php?rest_route=\/wp\/v2\/types\/page"}],"author":[{"embeddable":true,"href":"https:\/\/www.pob80.de\/index.php?rest_route=\/wp\/v2\/users\/2"}],"replies":[{"embeddable":true,"href":"https:\/\/www.pob80.de\/index.php?rest_route=%2Fwp%2Fv2%2Fcomments&post=248"}],"version-history":[{"count":4,"href":"https:\/\/www.pob80.de\/index.php?rest_route=\/wp\/v2\/pages\/248\/revisions"}],"predecessor-version":[{"id":275,"href":"https:\/\/www.pob80.de\/index.php?rest_route=\/wp\/v2\/pages\/248\/revisions\/275"}],"wp:attachment":[{"href":"https:\/\/www.pob80.de\/index.php?rest_route=%2Fwp%2Fv2%2Fmedia&parent=248"}],"curies":[{"name":"wp","href":"https:\/\/api.w.org\/{rel}","templated":true}]}}