{"id":2,"date":"2015-02-20T16:37:52","date_gmt":"2015-02-20T16:37:52","guid":{"rendered":"http:\/\/www.pob80.de\/?page_id=2"},"modified":"2016-12-07T22:10:12","modified_gmt":"2016-12-07T21:10:12","slug":"beispiel-seite","status":"publish","type":"page","link":"https:\/\/www.pob80.de\/?page_id=2","title":{"rendered":"Ergebnisse Saison 2016"},"content":{"rendered":"<p><strong><span style=\"text-decoration: underline; color: #00ff00;\">1. Spieltag:<\/span><\/strong> 15.02.2016 \/\/ 19:00 Uhr \/\/ Asche<\/p>\n<p>Mannschaft: Dirk (Tor), Eule, Chris, Martin, Peter, Maik, Timo (C), Sammy, Eike, G\u00fcrkan<\/p>\n<p>BSG Polizei Bad Godesberg III <span style=\"text-decoration: underline;\"><strong>1 &#8211; 2<\/strong><\/span> PoB 80<\/p>\n<p>Verlauf:\u00a0 0:1 \/\/ 0:2, 1:2<\/p>\n<p>Tore: G\u00fcrkan, Timo<\/p>\n<p>&nbsp;<\/p>\n<p><strong><span style=\"text-decoration: underline;\"><span style=\"color: #00ff00; text-decoration: underline;\">2.<\/span><span style=\"color: #00ff00; text-decoration: underline;\"> Spieltag:<\/span><\/span><\/strong> 22.02.2016 \/\/ 18:00 Uhr \/\/ Kunstrasen<\/p>\n<p>Mannschaft: Dirk (Tor), Eule, Chris, Martin, Casi, Timo, Sammy, Eike, G\u00fcrkan, Tom (C)<\/p>\n<p>PoB 80 <span style=\"text-decoration: underline;\"><strong>8 &#8211; 1<\/strong><\/span> Sporting Bonn<\/p>\n<p>Verlauf: 1:0, 2:0, 3:0 \/\/ 4:0, 5:0, 6:0, 6:1, 7:1, 8:1<\/p>\n<p>Tore: Timo, Tom (3), Sammy (4)<\/p>\n<p>Wundersch\u00f6nes Traumtor durch Sammy nach Flanke von Eule rechts aussen in den Strafraum. Direktannahme mit der Brust und direkt per Volley unter die Latte geh\u00e4mmert.<\/p>\n<p>&nbsp;<\/p>\n<p><span style=\"text-decoration: underline; color: #00ff00;\"><strong>3. Spieltag<\/strong><\/span>: 29.02.2016 \/\/ 19:15 Uhr \/\/ Asche<\/p>\n<p>Mannschaft: Dirk (Tor), Eule, Casi, Martin, Sammy, Timo, Eike, G\u00fcrka, Tom (C)<\/p>\n<p>Sg J\u00e4gerhof I <span style=\"text-decoration: underline;\"><strong>0 &#8211; 2<\/strong><\/span> PoB 80<\/p>\n<p>Verlauf: 1:0 \/\/ 2:0<\/p>\n<p>Tore: Martin, Tom<\/p>\n<p>Ca. 10 mal am Pfosten gescheitert&#8230;&#8230;.<\/p>\n<p>Bei klarem Foul im gegnerischem Strafraum nicht auf Elfmeter, sondern Freisto\u00df entschieden&#8230;&#8230;<\/p>\n<p>&nbsp;<\/p>\n<p><span style=\"text-decoration: underline; color: #00ff00;\"><strong>4. Spieltag:<\/strong><\/span> 07.03.2016 \/\/ 18:00 Uhr \/\/ Kunstrasen<\/p>\n<p>Mannschaft: Dirk (Tor), Eule, Chris, Peter, Maik, Sammy, Timo (C), Eike, G\u00fcrkan<\/p>\n<p>PoB 80<span style=\"text-decoration: underline;\"><strong> 3 &#8211; 0<\/strong><\/span> ASG Uni Bonn II<\/p>\n<p>Verlauf: 1:0, 2:0 \/\/ 3:0<\/p>\n<p>Tore: Eike, Timo, Sammy<\/p>\n<p>&nbsp;<\/p>\n<p><span style=\"text-decoration: underline; color: #00ff00;\"><strong>5. Spieltag:<\/strong><\/span> 14.03.2016 \/\/ 19:00 Uhr \/\/ Kunstrasen<\/p>\n<p>Mannschaft: Dirk (Tor), Eule, Maik, Chris, Dennis, Timo, Sammy, G\u00fcrkan, Eike, Tom (C)<\/p>\n<p>SG Interna 09 <span style=\"text-decoration: underline;\"><strong>3 &#8211; 5<\/strong><\/span> PoB 80<\/p>\n<p>Verlauf: 0:1, 1:1, 1:2, 1:3 \/\/ 1:4, 1:5, 2:5, 3:5<\/p>\n<p>Tore: Timo, G\u00fcrkan, Sammy, Tom, Eike<\/p>\n<p>Erstes Spiel von Neuzugang Dennis!<\/p>\n<p>Zwei unn\u00f6tige sp\u00e4te Tore durch zu langsames Umschalten kassiert&#8230;&#8230;&#8230;Abschluss ebenfalls noch ausbauf\u00e4hig&#8230;..<\/p>\n<p>&nbsp;<\/p>\n<p><span style=\"text-decoration: underline; color: #00ff00;\"><strong>6. Spieltag:<\/strong><\/span> 04.04.2016 \/\/ 19:00 Uhr \/\/ Kunstrasen<\/p>\n<p>Mannschaft: Dirk (Tor), Eule, Casi, Peter, Bernd, Timo, Sammy, G\u00fcrkan, Tom (C)<\/p>\n<p>Pauke 08 <span style=\"text-decoration: underline;\"><strong>2 &#8211; 9<\/strong><\/span> PoB 80<\/p>\n<p>Verlauf: 0:1, 0:2, 0:3, 1:3, 2:3, 2:4, 2:5 \/\/ 2:6, 2:7, 2:8, 2:9<\/p>\n<p>Tore: G\u00fcrkan (4), Sammy (3), Timo, Tom<\/p>\n<p>Sch\u00f6nes Kopfballtor durch Sammy nach Flanke von Timo.<\/p>\n<p>&nbsp;<\/p>\n<p><span style=\"text-decoration: underline; color: #00ff00;\"><strong>7. Spieltag:<\/strong> <\/span>11.04.2016<\/p>\n<p>Mannschaft: &#8212;<\/p>\n<p>MW Stachel<strong><span style=\"text-decoration: underline;\"> 0 &#8211; 4<\/span><\/strong> PoB 80<\/p>\n<p>Tore: &#8212;<\/p>\n<p>Durch Spielaufgabe des Gegners automatisch ein 4:0 Sieg.<\/p>\n<p>&nbsp;<\/p>\n<p><span style=\"color: #00ff00;\"><strong><span style=\"text-decoration: underline;\">8. Spieltag:<\/span><\/strong><\/span> 18.04.2016 \/\/ 19:00 Uhr \/\/ Kunstrasen<\/p>\n<p>Mannschaft: Dirk (Tor), Eule, Chris, Martin, Dennis, Timo (C), G\u00fcrkan, Eike<\/p>\n<p>Stadtwerke Bonn <strong><span style=\"text-decoration: underline;\">1 &#8211; 9<\/span><\/strong> PoB 80<\/p>\n<p>Verlauf: 0:1, 0:2, 0:3 \/\/ 0:4&#8230;&#8230;0:7, 1:7, 1:8, 1:9<\/p>\n<p>Tore: Timo, Dennis, Martin (2), Eike (2), G\u00fcrkan (3)<\/p>\n<p>Erstes Tor von Dennis durch starkes Nachsetzen gegen den Keeper.<\/p>\n<p>Insgesamt sehr sch\u00f6n herausgespielte Tore und ein verdienter Sieg gegen den Tabellenvierten. Damit den Vorsprung auf diesen Verfolger auf 6 Punkte erh\u00f6ht. Durch ein Unentschieden des n\u00e4chsten direkten Verfolgers sind wir nun punktgleich mit dem ersten (aufgrund von Torverh\u00e4ltnis &#8222;nur&#8220; Platz 2) und haben 5 Punkte Vorsprung auf den 3. Platz<\/p>\n<p>&nbsp;<\/p>\n<p><span style=\"text-decoration: underline; color: #00ff00;\"><strong>9. Spieltag:<\/strong><\/span> 25.04.2016<\/p>\n<p>Mannschaft: &#8212;<\/p>\n<p>Team Rockpalast <strong><span style=\"text-decoration: underline;\">0 &#8211; 4<\/span><\/strong> PoB 80<\/p>\n<p>Tore: &#8212;<\/p>\n<p>Erneut eine Spielaufgabe, daher wieder ein 4:0 Sieg&#8230;.<\/p>\n<p>&nbsp;<\/p>\n<p><span style=\"text-decoration: underline; color: #ff0000;\"><strong>10. Spieltag:<\/strong> <\/span>09.05.2016 \/\/ 19:30 Uhr \/\/ Asche<\/p>\n<p>Mannschaft: Dirk (Tor), Eule, Dennis, Timo (C), Sammy, G\u00fcrkan, Eike<\/p>\n<p>Strax United <strong><span style=\"text-decoration: underline;\">6 &#8211; 4<\/span><\/strong> PoB 80<\/p>\n<p>Verlauf: 0:1, 1:1 \/\/ 1:2, 2:2, 3:2, 4:2, 4:3, 5:3, 6:3, 6:4<\/p>\n<p>Tore: G\u00fcrkan (2), Timo (2)<\/p>\n<p>Erste Niederlage der Saison auf dem vermutlich schlechtesten Platz der gesamten Liga (Betonasche und kleiner als normales Kleinfeld). Nach schlechter ersten Halbzeit gut in die zweite gestartet, aber letztendlich viel zu oft viel zu einfach ausgekontert worden. Fehlte insgesamt die Disziplin im Defensivspiel der gesamten Mannschaft.<\/p>\n<p>&nbsp;<\/p>\n<p><span style=\"text-decoration: underline;\"><strong><span style=\"color: #ff0000; text-decoration: underline;\">11. Spieltag:<\/span><\/strong><\/span> 23.05.2016 \/\/ 18:00 Uhr \/\/ Kunstrasen<\/p>\n<p>Mannschaft: Dirk (Tor), Chris, Eule, Dennis, Peter, Martin, Timo, Sammy, Eike, Tom (C), G\u00fcrkan<\/p>\n<p>PoB 80 <strong><span style=\"text-decoration: underline;\">1 &#8211; 4<\/span><\/strong> Wutz United<\/p>\n<p>Verlauf: 0:1, 0:2, 0:3 \/\/ 1:3, 1:4<\/p>\n<p>Tore: G\u00fcrkan<\/p>\n<p>Schnelle und unn\u00f6tige drei Tore kassiert, danach vor allem in der 2. Halbzeit viel Charackter bewiesen und gek\u00e4mpft. Letztendlich wieder zu langsam im Umschaltspiel trotz zahlreichen Wechselm\u00f6glichkeiten. Auch das Offensivspiel muss deutlich cleverer werden. Ein gutes Team hat uns wieder unsere alten Schw\u00e4chen offenbart, da muss jeder mal in sich gehen und das f\u00fcrs n\u00e4chste Spiel umstellen.<\/p>\n<p>Auch sind wir nun durch die 2 Niederlagen auf Platz 3 abgerutscht mit nur noch 3 Punkten Vorsprung auf Platz 4 (Pauke), aber auch nur 1 Punkt R\u00fcckstand auf Platz 2.<\/p>\n<p>&nbsp;<\/p>\n<p><span style=\"color: #00ff00;\"><strong><span style=\"text-decoration: underline;\">12. Spieltag:<\/span><\/strong><\/span> 30.05.2016 \/\/ 19:15 \/\/ Kunstrasen<\/p>\n<p>Mannschaft: Dirk (Tor), Chris, Dennis, Martin, Helmut, Maik, Timo, Sammy, G\u00fcrkan, Tom (C)<\/p>\n<p>PoB 80 <strong><span style=\"text-decoration: underline;\">4 &#8211; 1<\/span><\/strong> Rheinische Autopflege<\/p>\n<p>Verlauf: 1:0 \/\/ 2:0, 3:0, 4:0, 4:1<\/p>\n<p>Tore: Tom (2), Sammy, Eike<\/p>\n<p>Diesmal besseres Defensiverhalten, aber insgesamt sehr tr\u00e4ge aufgelaufen. Viele Chancen vergeigt.<\/p>\n<p>&nbsp;<\/p>\n<p><span style=\"color: #ff0000;\"><strong><span style=\"text-decoration: underline;\">13. Spieltag:<\/span><\/strong><\/span> 06.06.2016 \/\/ 19:00 \/\/ Kunstrasen<\/p>\n<p>Mannschaft: Dirk (Tor), Casi, Chris, Helmut, Timo, Sammy, G\u00fcrkan, Tom<\/p>\n<p>SF Ippendorf <strong><span style=\"text-decoration: underline;\">3 &#8211; 2<\/span><\/strong> PoB 80<\/p>\n<p>Verlauf: 1:0 \/\/ 2:0, 3:0, 3:1, 3:2<\/p>\n<p>Tore: 2x Eigentor, nach querpass Timo und nach Flanke Casi<\/p>\n<p>Letztes Spiel der Hinrunde gegen den direkten Konkurrenten. Nach insgesamt 5 sehr seltsamen Toren hat der letzte Wille gefehlt, ein Punkt w\u00e4re definitiv drinnen gewesen. Trotz alledem starke Aufholjagd nach dem 3:0.<\/p>\n<p>&nbsp;<\/p>\n<p><span style=\"text-decoration: underline;\"><strong>Ende der Hinrunde<\/strong><\/span><\/p>\n<p>Letztendlich stehen wir auf Platz 3, mit 6 Punkten Abstand auf den Aufstiegsplatz.\u00a0Viele Spiele waren sehr stark, aber in den Entscheidenden kamen immer mal wieder alte Schw\u00e4chen im Abwehrverhalten oder der Chancenverwertung zum Vorschein. In der R\u00fcckrunde muss also weiterhin alles gewonnen werden, nur dass diesmal auch zwingend Siege gegen die ersten Pl\u00e4tze erforderlich sind, um doch noch den Aufstieg zu packen.<\/p>\n<p>&nbsp;<\/p>\n<p><span style=\"color: #00ff00;\"><strong><span style=\"text-decoration: underline;\">14. Spieltag:<\/span><\/strong><\/span> 13.06.2016 (auf den 05.09.2016 verlegt) \/\/ 19:00 Uhr \/\/ Kunstrasen<\/p>\n<p>Mannschaft: Martin (Tor), Eule, Maik, Bernd, Eike, Peter, Casi<\/p>\n<p>PoB 80 <span style=\"text-decoration: underline;\"><strong>3 &#8211; 2<\/strong><\/span> Polzei Bad Godesberg III<\/p>\n<p>Tore: Eike (2), Maik<\/p>\n<p>Ein eigentlich souver\u00e4n gef\u00fchrtes Spiel und eine lange 3:0-F\u00fchrung. Innerhalb von drei Minuten durch zwei individuelle Fehler dem Gegner nochmals unn\u00f6tig Hoffnung gemacht, letztlich jedoch ein mehr als verdienter Sieg.<\/p>\n<p>&nbsp;<\/p>\n<p><span style=\"color: #00ff00;\"><strong><span style=\"text-decoration: underline;\">15. Spieltag:<\/span><\/strong><\/span> 20.06.2016 \/\/ 19:00 Uhr \/\/ Kunstrasen<\/p>\n<p>Mannschaft: Dirk (Tor), Peter, Micha, Dennis, Hermann, Martin, Timo (C), Sammy<\/p>\n<p>Sporting Bonn <strong><span style=\"text-decoration: underline;\">0 &#8211; 5<\/span> <\/strong>PoB 80<\/p>\n<p>Verlauf: 0:1, 0:2 \/\/&#8230;.0:5<\/p>\n<p>Tore: Timo, Sammy (2), Martin (2)<\/p>\n<p>Die Regenschlacht der Saison, die Schuhe schwimmten, die Trickots waren 10 Kilo schwerer. H\u00e4tte ein deutlich h\u00f6herer Sieg werden m\u00fcssen, teils lag es an der Chancenverwertung, teils an der Ideenlosigkeit gegen tief stehende Gegner. Das Positive: Kopfballtor durch Timo nach Flanke Peter, gelungener Einstieg von Micha mit einem Assist, glorreiche R\u00fcckkehr des Fussballgottes, und endlich wieder ein Sieg zu 0.<\/p>\n<p>&nbsp;<\/p>\n<p><span style=\"text-decoration: underline; color: #00ff00;\"><strong>16. Spieltag:<\/strong><\/span> 27.06.2016<\/p>\n<p>Mannschaft: &#8212;<\/p>\n<p>PoB 80<strong><span style=\"text-decoration: underline;\"> 4 &#8211; 0<\/span><\/strong> SG J\u00e4gerhof I<\/p>\n<p>Tore: &#8212;<\/p>\n<p>Durch Spielaufgabe des Gegners automatisch ein 4:0 Sieg. Mittlerweile die 3. Spielaufgabe, daher ein wenig Training im 5v5 untereinander.<\/p>\n<p>&nbsp;<\/p>\n<p><span style=\"color: #00ff00;\"><strong><span style=\"text-decoration: underline;\">17. Spieltag:<\/span><\/strong><\/span> 04.07.2016 \/\/ 19:15 Uhr \/\/ Asche<\/p>\n<p>Mannschaft: Dirk (Tor), Martin (Tor), Maik, Peter, Eule, Micha, Martin, Dennis, Timo, Sammy, Eike<\/p>\n<p>ASG Uni Bonn II <strong><span style=\"text-decoration: underline;\">0 &#8211; 1<\/span><\/strong> PoB 80<\/p>\n<p>Verlauf: 0:0 \/\/ 0:1<\/p>\n<p>Tor: Eule<\/p>\n<p>Auf wieder unfassbar schlechtem Untergrund stets die \u00fcberlegene Mannschaft gewesen, aber die Tore wollten einfach nicht fallen. Ab der H\u00e4lfte der zweiten Halbzeit hat die gesamte Mannschaft Gas gegeben, gek\u00e4mpft, ist gelaufen und hat so das ersehnte 1:0 erzwungen. Dirk wurde in der zweiten Halbzeit nach einer Verletzung durch Martin im Tor ersetzt.<\/p>\n<hr \/>\n<p>&nbsp;<\/p>\n<p>Damit geht es in die Sommerpause, das Positive aus den anderen Spielen: Ippendorf (der 2.) hat verloren und ist somit nur noch 1 Punkt vor uns!<\/p>\n<hr \/>\n<p>&nbsp;<\/p>\n<p><span style=\"text-decoration: underline; color: #00ff00;\"><strong>18. Spieltag:<\/strong> <\/span>29.08.2016 \/\/ 18:00 Uhr \/\/ Kunstrasen<\/p>\n<p>Mannschaft: Martin (Tor), Eule, Micha, Peter, Casi, Timo (C), Sammy, Eike<\/p>\n<p>PoB 80 <strong><span style=\"text-decoration: underline;\">1 &#8211; 0<\/span><\/strong> Sg Interna 09<\/p>\n<p>Verlauf: 1:0 \/\/ 1:0<\/p>\n<p>Tor: Sammy<\/p>\n<p>Eines dieser Spiele die 3:0, 0:3 oder 3:3 ausgehen k\u00f6nnen. Mehrere male Aluminium und Top-Chancen auf beiden Seiten, die Sommerpause hat man jedem angemerkt. Letztendlich haben wir hart gek\u00e4mpft und uns daf\u00fcr belohnt.<\/p>\n<p>&nbsp;<\/p>\n<p><span style=\"text-decoration: underline; color: #ff0000;\"><strong>19. Spieltag:<\/strong> <\/span>12.09.2016 \/\/ 18:00 Uhr \/\/ Kunstrasen \/\/ verlegt auf den 07.11.2016<\/p>\n<p>Mannschaft: Martin (Tor), Micha, Dennis, Peter, Sammy, Timo, Tom (C), Eike<\/p>\n<p>PoB 80 <span style=\"text-decoration: underline;\"><strong>2 &#8211; 3<\/strong><\/span> Pauke 08<\/p>\n<p>Verlauf:\u00a0 1:0, 1:1 \/\/ 1:2 (Elfer), 1:3, 2:3<\/p>\n<p>Tore: 2x Tom<\/p>\n<p>Spiel wurde in beiderseitigem Einverst\u00e4ndnis aufgrund von P\u00fctzchens Markt zun\u00e4chst verlegt.<\/p>\n<p>Beim Spiel selber hat man die lange Spielfreie Pause bemerkt, abgerundet von einer grottigen Schiedsrichterleistung: Pauke bekommt einen Elfer und bei einem Konter unsererseits, der mittels Gr\u00e4tsche von hinten verhindert wird, nur gelb. Insgesamt h\u00e4tten wir es trotzdem in der Hand gehabt, es wollte aber einfach nicht klappen. Damit fehlen 3 wichtige Punkte f\u00fcr den Aufstieg.<\/p>\n<p>&nbsp;<\/p>\n<p><span style=\"text-decoration: underline; color: #00ff00;\"><strong>20. Spieltag:<\/strong> <\/span>19.09.2016 \/\/ 18:00 Uhr \/\/ Kunstrasen<\/p>\n<p>Mannschaft: Martin (Tor), Eule (C), Eike, Mischa, Peter, Sammy, Casi, Dennis, Micha<\/p>\n<p>PoB 80 <strong><span style=\"text-decoration: underline;\">4 &#8211; 0<\/span><\/strong> MW Stachel<\/p>\n<p>Verlauf: 1:0, 2:0, 3:0, 4:0<\/p>\n<p>Tore: Sammy (3), Mischa<\/p>\n<p>&nbsp;<\/p>\n<p><span style=\"text-decoration: underline; color: #00ff00;\"><strong>21. Spieltag:<\/strong> <\/span>26.09.2016 \/\/ 18:00 Uhr \/\/ Kunstrasen<\/p>\n<p>Mannschaft: Martin (Tor), Eule, Maik, Tom (C), Eike, Sammy, Micha, Dennis<\/p>\n<p>PoB 80 <strong><span style=\"text-decoration: underline;\">4 &#8211; 2<\/span><\/strong> Stadtwerke Bonn<\/p>\n<p>Verlauf: 1:0, 1:1, 1:2, 2:2, 3:2, 4:2<\/p>\n<p>Tore: Eike (2), Dennis, Eule<\/p>\n<p>&nbsp;<\/p>\n<p><span style=\"text-decoration: underline;\"><strong><span style=\"color: #00ff00; text-decoration: underline;\">22. Spieltag:<\/span><\/strong><\/span> 24.10.2016<\/p>\n<p>PoB 80 <strong><span style=\"text-decoration: underline;\">4 &#8211; 0<\/span><\/strong> Team Rockpalast<\/p>\n<p>Spiel vom Gegner abgesagt, daher 4:0 Sieg<\/p>\n<p>&nbsp;<\/p>\n<p><span style=\"color: #00ff00;\"><strong><span style=\"text-decoration: underline;\">23. Spieltag:<\/span><\/strong><\/span> 31.10.2016<\/p>\n<p>PoB 80 <span style=\"text-decoration: underline;\"><strong>4 &#8211; 0<\/strong> <\/span>Strax United<\/p>\n<p>Spiel vom Gegner abgesagt, daher 4:0 Sieg. Mittlerweile die 5. Absage in dieser Saison&#8230;..<\/p>\n<p>&nbsp;<\/p>\n<p><strong><span style=\"text-decoration: underline;\"><span style=\"color: #ff0000; text-decoration: underline;\">24. Spieltag:<\/span><\/span><\/strong> 14.11.2016 \/\/ 19:00 Uhr \/\/ Asche<\/p>\n<p>Mannschaft: Martin (Tor), Chris, Maik, Eule, Bernd, Timo (C), Eike<\/p>\n<p>Wutz United <span style=\"text-decoration: underline;\"><strong>4 &#8211; 3<\/strong><\/span> PoB 80<\/p>\n<p>Verlauf: 1:0, 2:0, 3:0 \/\/ 3:1, 4:1, 4:2, 4:3<\/p>\n<p>Tore: Eike, 2x Timo<\/p>\n<p>Mit nur einem Auswechselspieler (und den auch nur in der 1. Halbzeit) gegen den ungeschlagenen Tabellenersten angetreten. Nach ganz starker Abwehrleistung sind wir dann kurz vor der Pause m\u00fcde geworden und haben uns 3 Tore eingefangen. Trotzdem wieder motiviert in die 2. H\u00e4lfte, sehr wenig zugelassen und selber 3 Tore bei Kontern erzielt. Insgesamt verdammt starke Leistung aller Beteiligten und ein Top-Spiel, der Tabellensituation w\u00fcrdig. W\u00e4re es doch nur mit einem Unentschieden ausgegangen&#8230;&#8230;..<\/p>\n<p>Die Verfolger Ippendorf (Unentschieden) und Pauke (Sieg) sind noch knapp hinter uns.<\/p>\n<p>&nbsp;<\/p>\n<p><span style=\"text-decoration: underline; color: #00ff00;\"><strong>25. Spieltag:<\/strong><\/span> 21.11.2016 \/\/ 19:15 Uhr \/\/ Asche<\/p>\n<p>Mannschaft: Martin (Tor), Maik, Bernd, Casi, Chris, Eule, Timo (C), Dennis, Sammy, Eike<\/p>\n<p>Rheinische Autopflege <span style=\"text-decoration: underline;\"><strong>2 &#8211; 4<\/strong> <\/span>PoB 80<\/p>\n<p>Verlauf: 0:1 \/\/ 0:2, 0:3, 1:3, 1:4, 2:4<\/p>\n<p>Tore: Eike, Timo, 2x Sammy<\/p>\n<p>Durch starke Mannschaftsleistung und viel Kampf verdient gewonnen, damit nun am vorletzten Spieltag das Saison-Ziel erreicht: Nach dem Abstieg den direkten Wiederaufstieg gepackt!!!!<\/p>\n<p>&nbsp;<\/p>\n<p><span style=\"color: #ff0000;\"><strong><span style=\"text-decoration: underline;\">26. Spieltag:<\/span><\/strong><\/span> 28.11.2016 \/\/ 19:15 \/\/ Kunstrasen<\/p>\n<p>Mannschaft: Martin (Tor), Maik, Chris, Eule, Micha, Sammy, Timo, Eike, Mischa, Tom (C)<\/p>\n<p>Pob 80 <strong><span style=\"text-decoration: underline;\">0 &#8211; 4<\/span> <\/strong>Sportfreunde Ippendorf<\/p>\n<p>Verlauf: 0:2 \/\/ 0:4<\/p>\n<p>Mit einem sehrs chwachen Auftritt gegen einen sehr stark aufspielenden Gegner zu recht verloren.<\/p>\n<p>Da der Gegner von Pauke nicht angetreten ist, stehen wir nun Punktegleich auf Platz 2, allerdings mit schlechterem Torverh\u00e4ltnis. Den direkten Vergleich gewinnen wir jedoch mit 9:1 und 2:3 und sind somit aufgestiegen (In der Betriebsliga gilt wegen den teilweise sehr zahlreichen Spielabsagen der direkte Vergleich, da durch diese das Torverh\u00e4ltnis stark verzerrt ist).<\/p>\n<p>&nbsp;<\/p>\n<p>Insgesamt war es eine starke Saison mit einigen klaren Niederlagen, aber auch 2-3 sehr unn\u00f6tigen und selbst verschuldeten. Erw\u00e4hneswert ausserdem, mit nur 39 Gegentoren stellen wir die beste Verteidigung aus allen 4 Ligen!!!<\/p>\n<p>In der n\u00e4chsten Saison wird in der 2. Liga noch eine Schippe draufkommen und das Ziel ist diesmal der Klassenerhalt, ein Mittelfeldplatz in der 2. Liga.<\/p>\n<p>&nbsp;<\/p>\n","protected":false},"excerpt":{"rendered":"<p>1. Spieltag: 15.02.2016 \/\/ 19:00 Uhr \/\/ Asche Mannschaft: Dirk (Tor), Eule, Chris, Martin, Peter, Maik, Timo (C), Sammy, Eike, G\u00fcrkan BSG Polizei Bad Godesberg III 1 &#8211; 2 PoB 80 Verlauf:\u00a0 0:1 \/\/ 0:2, 1:2 Tore: G\u00fcrkan, Timo &nbsp; 2. Spieltag: 22.02.2016 \/\/ 18:00 Uhr \/\/ Kunstrasen Mannschaft: Dirk (Tor), Eule, Chris, Martin, Casi, &hellip; <a href=\"https:\/\/www.pob80.de\/?page_id=2\" class=\"more-link\"><span class=\"screen-reader-text\">Ergebnisse Saison 2016<\/span> weiterlesen <span class=\"meta-nav\">&rarr;<\/span><\/a><\/p>\n","protected":false},"author":1,"featured_media":0,"parent":0,"menu_order":0,"comment_status":"open","ping_status":"open","template":"","meta":[],"_links":{"self":[{"href":"https:\/\/www.pob80.de\/index.php?rest_route=\/wp\/v2\/pages\/2"}],"collection":[{"href":"https:\/\/www.pob80.de\/index.php?rest_route=\/wp\/v2\/pages"}],"about":[{"href":"https:\/\/www.pob80.de\/index.php?rest_route=\/wp\/v2\/types\/page"}],"author":[{"embeddable":true,"href":"https:\/\/www.pob80.de\/index.php?rest_route=\/wp\/v2\/users\/1"}],"replies":[{"embeddable":true,"href":"https:\/\/www.pob80.de\/index.php?rest_route=%2Fwp%2Fv2%2Fcomments&post=2"}],"version-history":[{"count":54,"href":"https:\/\/www.pob80.de\/index.php?rest_route=\/wp\/v2\/pages\/2\/revisions"}],"predecessor-version":[{"id":436,"href":"https:\/\/www.pob80.de\/index.php?rest_route=\/wp\/v2\/pages\/2\/revisions\/436"}],"wp:attachment":[{"href":"https:\/\/www.pob80.de\/index.php?rest_route=%2Fwp%2Fv2%2Fmedia&parent=2"}],"curies":[{"name":"wp","href":"https:\/\/api.w.org\/{rel}","templated":true}]}}