{"id":1913,"date":"2020-01-17T09:57:03","date_gmt":"2020-01-17T08:57:03","guid":{"rendered":"http:\/\/www.pob80.de\/?page_id=1913"},"modified":"2020-09-10T20:44:33","modified_gmt":"2020-09-10T18:44:33","slug":"spielergebnisse-2020","status":"publish","type":"page","link":"https:\/\/www.pob80.de\/?page_id=1913","title":{"rendered":"Ergebnisse 2020"},"content":{"rendered":"<p style=\"text-align: center;\"><strong>6.Spieltag:<\/strong>\u00a0 07.09.2020 &#8211; 19:00 Uhr &#8211; Schwarz Rheindorf &#8211; KuRa A<\/p>\n<h2 style=\"text-align: center;\"><strong>PoB 80\u00a0 \u2013 Team Zack<\/strong><\/h2>\n<h1 style=\"text-align: center;\"><span style=\"color: #0000ff;\">8 \u2013 1\u00a0<\/span><\/h1>\n<p style=\"text-align: center;\"><strong>Mannschaftsaufstellung PoB 80<\/strong>:<\/p>\n<p style=\"text-align: center;\"><strong><span style=\"color: #0000ff;\">Merte (Tor) &#8211; Hannes &#8211; Hasan &#8211; Micha &#8211; Malte &#8211;\u00a0 Flo &#8211; Timo (C) &#8211; Sammy<\/span><br \/>\n<\/strong><\/p>\n<p style=\"text-align: center;\"><strong>Tore:<\/strong><\/p>\n<p style=\"text-align: center;\"><strong> 0 : 1 Gegner &lt;&gt;\u00a0 1 : 1 Sammy (A: Malte) &lt;&gt;\u00a0 2 : 1 Sammy (A: Hannes) &lt;&gt;\u00a0 3 : 1 Sammy (A: Micha) &lt;&gt;\u00a0 4 : 1 Timo (A: Sammy) &lt;&gt;\u00a0 5 : 1 Malte (A: Timo) &lt;&gt;\u00a0 6 : 1 Sammy (A: Malte) &lt;&gt;\u00a0 7 : 1 Timo (A: Flo) &lt;&gt;\u00a0 8 : 1 Malte (A: Timo)<br \/>\n<\/strong><\/p>\n<p style=\"text-align: center;\"><strong>Spielbericht:<\/strong><\/p>\n<p style=\"text-align: center;\"><strong><span style=\"color: #0000ff;\">Die PoB tat sich anf\u00e4nglich schwer ins Spiel zu kommen. Sie verschleppte das Tempo und lie\u00df jeglichen Offensivdrang vermissen. So ging der Gegner mit seiner ersten guten Chance mit 0-1 in F\u00fchrung.<\/span><\/strong><\/p>\n<p style=\"text-align: center;\"><strong><span style=\"color: #0000ff;\">Doch das Tor wirkte wie ein Wegruf f\u00fcr die PoB. Direkt im Gegenzug netzte Sammy zum 1-1 ein. Kurz darauf folgten 2 weitere Treffer durch ihn und so vervollst\u00e4ndigte er seinen Hattrick.<\/span><\/strong><br \/>\n<strong><span style=\"color: #0000ff;\">Jetzt strotzte die PoB nur so vor Selbstvertrauen. So fielen noch vor der Pause die Treffer 4 und 5 durch Timo und Malte.<\/span><\/strong><\/p>\n<p style=\"text-align: center;\"><strong><span style=\"color: #0000ff;\">Halbzeit!<\/span><\/strong><\/p>\n<p style=\"text-align: center;\"><strong><span style=\"color: #0000ff;\">Nach der Halbzeit versuchte der Gegner fr\u00fchzeitig den 5-2 Anschlusstreffer zu erzielen, doch Sammy erstickte mit seinem vierten Tor jegliche Hoffnungen der G\u00e4ste. Danach folgten noch die Treffer 7 und 8 durch Timo und Malte.<\/span><\/strong><\/p>\n<p style=\"text-align: center;\">\n<strong><span style=\"color: #0000ff;\">Fazit:<\/span><\/strong><br \/>\n<strong><span style=\"color: #0000ff;\">Die PoB verschlief die ersten 5 Minuten. Danach zeigte sie, wie auch schon in der vergangenen Woche, eine super Leistung und siegte verdient mit 8-1!!!<\/span><\/strong><\/p>\n<p>___________________________________________________________________________<\/p>\n<p style=\"text-align: center;\"><strong>5.Spieltag:<\/strong>\u00a0 31.08.2020 &#8211; 20:15 Uhr &#8211; Ippendorf KuRa A<\/p>\n<h2 style=\"text-align: center;\"><strong>SF Ippendorf AH I &#8211; PoB 80<br \/>\n<\/strong><\/h2>\n<h1 style=\"text-align: center;\">0 \u2013 3<\/h1>\n<p style=\"text-align: center;\"><strong>Mannschaftsaufstellung PoB 80<\/strong>:<\/p>\n<p style=\"text-align: center;\"><span style=\"color: #0000ff;\"><strong>Merte (Tor)\u00a0 &#8211; Dennis &#8211;\u00a0 Micha &#8211; Jan &#8211; Malte\u00a0 &#8211;\u00a0 Flo &#8211;\u00a0 Timo (c) &#8211;\u00a0 Sammy\u00a0<\/strong><\/span><\/p>\n<p style=\"text-align: center;\"><strong>Tore:\u00a0<\/strong><\/p>\n<p style=\"text-align: center;\"><strong><span style=\"color: #0000ff;\">0 : 1 Flo\u00a0<\/span> &lt;&gt;\u00a0 <span style=\"color: #0000ff;\">0 : 2\u00a0 Tim<\/span>o\u00a0 &lt;&gt;\u00a0 <span style=\"color: #0000ff;\">0 : 3\u00a0 Sammy<\/span><br \/>\nAssist: Sammy, Dennis<\/strong><\/p>\n<p style=\"text-align: center;\"><span style=\"color: #000000;\"><strong>Gelbe Karte: Dennis<\/strong><\/span><\/p>\n<p style=\"text-align: center;\"><strong>Spielbericht:<\/strong><\/p>\n<p style=\"text-align: center;\"><strong><span style=\"color: #0000ff;\">Heute war die PoB zu Gast bei den AH Ippendorf.<\/span><\/strong><br \/>\n<strong><span style=\"color: #0000ff;\">Schon von Beginn an zeigte die PoB, dass sie heute den ersten Saisonsieg einfahren m\u00f6chte. In der Defensive wurde clever gegen den Ball verschoben und dem Gegner so die R\u00e4ume eng gemacht. <\/span><\/strong><strong><span style=\"color: #0000ff;\">So kam der Gegner nur selten (und wenn zumeist aus hoher Distanz) zu Abschl\u00fcssen.<\/span><\/strong><\/p>\n<p><strong><span style=\"color: #0000ff;\">Auch in der Offensive zeigte die PoB sich stark ver\u00e4ndert. Sie agierte druckvoller und vor allem zielstrebiger als zuletzt. So kombinierte sich die PoB mehrfach sehenswert vor das Tor der Gastgeber. Und auch der zuletzt bem\u00e4ngelte Abschluss war heute deutlich verbessert. So erzielten Timo und Flo noch vor der Halbzeit mit ihren Toren die 0-2 Halbzeitf\u00fchrung.<\/span><\/strong><\/p>\n<p><strong><span style=\"color: #0000ff;\">Nach der Pause rannte der Gegner nun vergeblich an. Doch die PoB zeigte sich unbeeindruckt und erh\u00f6hte schlie\u00dflich verdient durch Sammy auf 0-3 &#8211; Game Over!!!<\/span><\/strong><\/p>\n<p><strong><span style=\"color: #0000ff;\">Schlie\u00dflich brachte die PoB den Sieg (ohne Gegentor) sicher \u00fcber die Ziellinie.<\/span><\/strong><\/p>\n<p><strong><span style=\"color: #0000ff;\">Fazit: Die positionellen Ver\u00e4nderungen zeigte Wirkung und gaben der PoB Sicherheit. Zudem zeigte die PoB sich im Offensivspiel deutlich kreativer und zielstrebiger.<\/span><\/strong><br \/>\n<strong><span style=\"color: #0000ff;\">Alles in Allem ein souver\u00e4ner und hochverdienter Sieg.<\/span><\/strong><\/p>\n<p>___________________________________________________________________________<\/p>\n<p style=\"text-align: center;\"><strong>4.Spieltag:<\/strong>\u00a0 09.03.2020 &#8211; 19:00 Uhr &#8211; Schwarz Rheindorf &#8211; KuRa A<\/p>\n<h2 style=\"text-align: center;\"><strong>PoB 80\u00a0 \u2013 FSG Rheidt<\/strong><\/h2>\n<h1 style=\"text-align: center;\"><span style=\"color: #0000ff;\">1 \u2013 5<\/span><\/h1>\n<p style=\"text-align: center;\"><strong>Mannschaftsaufstellung PoB 80<\/strong>:<\/p>\n<p style=\"text-align: center;\"><span style=\"color: #0000ff;\"><strong> Merte (Tor) &#8211; Jan &#8211; Lukas &#8211; Malte &#8211; Florian &#8211;\u00a0 Peter &#8211;\u00a0 Sammy<\/strong><\/span><\/p>\n<p style=\"text-align: center;\"><strong>Tore:<\/strong><\/p>\n<p style=\"text-align: center;\"><strong>\u00a00 : 1 Gegner &lt;&gt; 1 : 1 Flo (A:Peter) &lt;&gt; 1 : 2 Gegner &lt;&gt; 1 : 3 Gegner &lt;&gt; 1 : 4 Gegner &lt;&gt; 1 : 5 Gegner\u00a0\u00a0<\/strong><\/p>\n<p style=\"text-align: center;\"><strong>Spielbericht:<\/strong><\/p>\n<p style=\"text-align: center;\"><strong><span style=\"color: #0000ff;\">Heute fand das 2. Heimspiel der PoB gegen Rheidt statt.<\/span><\/strong><\/p>\n<p style=\"text-align: center;\"><strong><span style=\"color: #0000ff;\">Beide Mannschaften begegneten sich sich sp\u00fcrbar auf Augenh\u00f6he. <\/span><\/strong><br \/>\n<strong><span style=\"color: #0000ff;\">Chancen gab es auf beiden Seiten zun\u00e4chst nur aus der Distanz, da beide Defensivreihen gut sortiert agierten.<\/span><\/strong><br \/>\n<strong><span style=\"color: #0000ff;\">Schlie\u00dflich gelang den G\u00e4sten ein &#8222;Sonntagsschuss&#8220; aus hoher Distanz, welcher unhaltbar f\u00fcr den Schlussmann der PoB im Lattenkreuz einschlug.<\/span><\/strong><\/p>\n<p style=\"text-align: center;\"><strong><span style=\"color: #0000ff;\">Doch die PoB zeigte Moral und nutze eine schnell ausgef\u00fchrte Freisto\u00dfflanke von Peter durch Florian zum verdienten Ausgleich. <\/span><\/strong><br \/>\n<strong><span style=\"color: #0000ff;\">Unmittelbar danach hatte die Gastgeber die Chance das Spiel zu drehen und in F\u00fchrung zu gehen. Doch ein gut gespielter Konter blieb durch einen zu leicht zu lang gespielten Pass ungenutzt.<\/span><\/strong><\/p>\n<p style=\"text-align: center;\"><strong><span style=\"color: #0000ff;\">Doch in der Folge war es wieder der Gast, der erneut durch einen Distanzschuss in F\u00fchrung ging. Jetzt wirkte die Hintermannschaft der PoB kurzfristig angeknockt und diffus. <\/span><\/strong><strong><span style=\"color: #0000ff;\">Der Gegner nutzte diese Phase (5 Minuten) und zog auf 1-4 davon.<\/span><\/strong><\/p>\n<p style=\"text-align: center;\"><strong><span style=\"color: #0000ff;\">Jetzt rannte die PoB an, aber gute Chancen wurden jetzt, wenn auch zumeist sehr knapp, vergeben.\u00a0 <\/span><\/strong><strong><span style=\"color: #0000ff;\">Da die PoB jetzt aufmachen musste, nutze der Gast den Freiraum und erzielte das finale 1-5.<\/span><\/strong><\/p>\n<p style=\"text-align: center;\"><strong><span style=\"color: #0000ff;\">Notiz: Heute stand leider wieder nur 1 Wechselspieler gegen einen guten Gegner zur Verf\u00fcgung, daher fehlte hinten heraus wieder ein wenig die Durchschlagskraft. <\/span><\/strong><br \/>\n<strong><span style=\"color: #0000ff;\">Zudem spielten lediglich 3 erfahrene Feldspieler neben 3 neuen. <\/span><\/strong><br \/>\n<strong><span style=\"color: #0000ff;\">Diese zeigten jedoch eine couragierte Leistung. Florian kr\u00f6nte sein erstes Spiel durch sein erstes Tor.<\/span><\/strong><\/p>\n<p style=\"text-align: center;\"><strong><span style=\"color: #0000ff;\">Fazit: Das Ergebnis ist f\u00fcr den Spielverlauf und das taktisch gute Spiel der PoB eindeutig zu hoch ausgefallen&#8230;.<\/span><\/strong><\/p>\n<p>___________________________________________________________________________<\/p>\n<p style=\"text-align: center;\"><strong>3.Spieltag:<\/strong>\u00a0 17.02.2020 &#8211; 20:00 Uhr &#8211; Berkum<\/p>\n<h2 style=\"text-align: center;\"><strong>SV Wachtberg AH &#8211; PoB 80<br \/>\n<\/strong><\/h2>\n<h1 style=\"text-align: center;\"><span style=\"color: #0000ff;\">2 \u2013 2<\/span><\/h1>\n<p style=\"text-align: center;\"><strong>Mannschaftsaufstellung PoB 80<\/strong>:<\/p>\n<p style=\"text-align: center;\"><strong><span style=\"color: #0000ff;\">Martin (Tor) &#8211; Jan &#8211; Hasan &#8211; Timo (C) &#8211; Lukas &#8211; Malte &#8211; Bastian &#8211; Peter\u00a0<\/span><br \/>\n<\/strong><\/p>\n<p style=\"text-align: center;\"><strong>Tore:<\/strong><\/p>\n<p style=\"text-align: center;\"><strong><span style=\"color: #ff0000;\">1 &#8211; 0 Jan (ET)\u00a0<\/span> &lt;&gt;\u00a0 <span style=\"color: #0000ff;\">1 &#8211; 1 Timo (A: ohne)<\/span>\u00a0 &lt;&gt;\u00a0 <span style=\"color: #0000ff;\">1 &#8211; 2 Bastian (A: Jan)<\/span>\u00a0 &lt;&gt; <span style=\"color: #ff0000;\">2 &#8211; 2 Gegner\u00a0<\/span><br \/>\n<\/strong><\/p>\n<p style=\"text-align: center;\"><strong><span style=\"color: #333333;\">Karten:<\/span><\/strong><br \/>\n<span style=\"color: #ff0000;\"><strong>Rot: Hasan<\/strong><\/span><\/p>\n<p style=\"text-align: center;\"><strong>Spielbericht:<\/strong><\/p>\n<p style=\"text-align: center;\"><span style=\"color: #0000ff;\"><strong>Heute fand das erste Ausw\u00e4rtsspiel der PoB in dieser Saison statt. Die PoB war zu Gast bei den AH Wachtberg. <\/strong><\/span><span style=\"color: #0000ff;\"><strong>Von Beginn an zeigten beide Mannschaften, dass sie taktisch gut auf das Spiel eingestellt waren. Beide Mannschaften lie\u00dfen gut den Ball laufen und suchten den Abschluss.<\/strong><\/span><\/p>\n<p><span style=\"color: #0000ff;\"><strong>Schlie\u00dflich war es die Heimmannschaft, welche durch ein ungl\u00fcckliches Eigentor in F\u00fchrung ging. (Dies ist bereits das dritte Eigentor in dieser Saison!) <\/strong><\/span><span style=\"color: #0000ff;\"><strong>Doch die PoB zeigte sich, wie eigentlich immer, unbeeindruckt davon und erspielte sich weitere Chancen. In der Folge erzielte Timo per Sololauf den hochverdienten Ausgleich. <\/strong><\/span><\/p>\n<p><span style=\"color: #0000ff;\"><strong>Jetzt wurde das Spiel ruppiger, mit Nicklichkeiten und Meckereien auf beiden Seiten. In dieser Phase lie\u00df der Schiedsrichter vielleicht zu viel durchgehen und h\u00e4tte durch eine gelbe Karte ein Zeichen setzen m\u00fcssen! <\/strong><\/span><span style=\"color: #0000ff;\"><strong>Schlie\u00dflich passte Jan den Ball im Zentrum auf Bastian. Dieser startete aus der eigenen H\u00e4lfte durch und netzte das Leder zur F\u00fchrung ein.<\/strong><\/span><\/p>\n<p style=\"text-align: center;\"><span style=\"color: #0000ff;\"><strong>So ging das Spiel dann in die Halbzeit.<\/strong><\/span><\/p>\n<p><span style=\"color: #0000ff;\"><strong>Nach der Halbzeit disziplinierte sich die PoB und lie\u00df sich auf die Sticheleien, die r\u00fcde Gangart und die Beleidigungen des Gegners nicht mehr ein. Diverse Versuche des Gegners einen Elfmeter zu schinden, wurden vom Schiedsrichter zurecht ignoriert.<\/strong><\/span><br \/>\n<span style=\"color: #0000ff;\"><strong>Bei einem Konter der PoB \u00fcber Hasan versuchte dieser seinen Gegenspieler zu \u00fcberlaufen. Dieser hielt ihn jedoch fest und harkte ihm mehrfach in die Beine. Bei dem Versuch sich loszurei\u00dfen traf Hasan den Gegner unabsichtlich im Gesicht. Dies nahm sein Kontrahent zum Anlass Hasan von hinten hart in die Achillessehne zu treten, obwohl der Ball bereits mehrere Meter entfernt war. Im Anschluss gab es zwischen den beiden einen kurzen Disput. Schlie\u00dflich stellte der Schiedsrichter beide mit Platzverweis (&#8222;Rot&#8220;) vom Platz. <\/strong><\/span><span style=\"color: #0000ff;\"><strong>Das Spiel wurde mit 5 gegen 5 fortgesetzt.<\/strong><\/span><\/p>\n<p><span style=\"color: #0000ff;\"><strong>Danach lie\u00df die PoB sich hinten rein dr\u00e4ngen und versteifte sich aufs Kontern. Jedoch gelang es der PoB nicht einen Konter erfolgreich abzuschlie\u00dfen. Lediglich ein Pfostenschuss von Malte sprang dabei heraus. <\/strong><\/span><span style=\"color: #0000ff;\"><strong>Der Druck der Gegner wurde jetzt immer h\u00f6her und Merte musste sein ganzen K\u00f6nnen aufbieten. Doch 4 Minuten vor Schluss gelang den Hausherren dann doch noch der Ausgleich.<\/strong><\/span><\/p>\n<p><span style=\"color: #0000ff;\"><strong>Fazit: Erneute Punkteteilung! Wieder w\u00e4re mehr drin gewesen!<\/strong><\/span><br \/>\n<span style=\"color: #0000ff;\"><strong>Die Neuen haben allerdings eine solide Leistung gezeigt und machen Hoffnung f\u00fcr die Zukunft.<\/strong><\/span><br \/>\n<span style=\"color: #0000ff;\"><strong>\u00dcberschattet wurde das Spiel durch die &#8222;T\u00e4tlichkeiten&#8220; und den daraus resultierenden Platzverweisen! Es bleibt zu hoffen, dass Hasan der PoB nicht allzulange fehlen wird&#8230;.<\/strong><\/span><\/p>\n<p>___________________________________________________________________________<\/p>\n<p style=\"text-align: center;\"><strong>2.Spieltag:<\/strong>\u00a0 02.03.2020 &#8211; 19:00 Uhr &#8211; Schwarz Rheindorf &#8211; KuRa A<\/p>\n<h2 style=\"text-align: center;\"><strong>PoB 80\u00a0 \u2013 S<\/strong><strong>G Zapalia<\/strong><\/h2>\n<h1 style=\"text-align: center;\"><span style=\"color: #0000ff;\">0 \u2013 2<\/span><\/h1>\n<p style=\"text-align: center;\"><strong>Mannschaftsaufstellung PoB 80<\/strong>:<\/p>\n<p style=\"text-align: center;\"><span style=\"color: #0000ff;\"><strong> Merte\u00a0 (Tor) &#8211; Eule &#8211;\u00a0 Flo &#8211;\u00a0 Timo (C) &#8211;\u00a0 Marvin\u00a0 &#8211;\u00a0 Micha\u00a0 &#8211;\u00a0 Sammy &#8211;\u00a0 Malte &#8211;\u00a0 Lukas<\/strong><\/span><\/p>\n<p style=\"text-align: center;\"><strong>Tore:<\/strong><\/p>\n<p style=\"text-align: center;\"><strong>\u00a00 : 1 Gegner &lt;&gt; 0 : 2 Gegner\u00a0<\/strong><\/p>\n<p style=\"text-align: center;\"><strong>Spielbericht:<\/strong><\/p>\n<p style=\"text-align: center;\"><span style=\"color: #0000ff;\"><strong>Nach der langen Coronapause wurde heute die Saison fortgef\u00fchrt.<\/strong><\/span><\/p>\n<p style=\"text-align: center;\"><span style=\"color: #0000ff;\"><strong>Bislang hat die PoB erst 2 Punkte auf dem Konto, daher wollten sie alles daran setzen heute den ersten Dreier einzufahren.<\/strong><\/span><\/p>\n<p style=\"text-align: center;\"><span style=\"color: #0000ff;\"><strong>Doch von Beginn an wirkte die PoB k\u00f6rperlich und geistig m\u00fcde und spielte sehr beh\u00e4big und gehemmt. Im Spiel nach vorne wurde viele B\u00e4lle leichtfertig vergeben. Und auch die sonst so starke Defensive verschob schlecht und lie\u00df dem Gegner zu viele Freir\u00e4ume. Hierdurch lie\u00df sich die PoB oftmals tief in den eigenen Strafraum zur\u00fcckdr\u00e4ngen. <\/strong><\/span><br \/>\n<span style=\"color: #0000ff;\"><strong>Eroberten sie schlie\u00dflich mal den Ball, wurde dieser fr\u00fchzeitig wieder verloren.<\/strong><\/span><br \/>\n<span style=\"color: #0000ff;\"><strong>Insgesamt fehlte heute nach vorne jegliche Durchschlagskraft und vor allem die letzten P\u00e4sse wurden zu ungenau gespielt.<\/strong><\/span><\/p>\n<p style=\"text-align: center;\"><span style=\"color: #0000ff;\"><strong>Fazit: Die PoB wirkte heute sehr m\u00fcde. In keiner Phase des Spiels gelang es ihr den Gegner wirklich unter Druck zu setzen. So ging das Spiel verdient mit 2-0 verloren&#8230;<\/strong><\/span><\/p>\n<p style=\"text-align: center;\">___________________________________________________________________________<\/p>\n<p style=\"text-align: center;\"><strong>1.Spieltag:<\/strong>\u00a0 03.02.2020 &#8211; 19:00 Uhr &#8211; Schwarz Rheindorf &#8211; KuRa A<\/p>\n<h2 style=\"text-align: center;\"><strong>PoB 80\u00a0 \u2013 ASG Uni Bonn I<br \/>\n<\/strong><\/h2>\n<h1 style=\"text-align: center;\"><span style=\"color: #0000ff;\">2 \u2013 2<\/span><\/h1>\n<p style=\"text-align: center;\"><strong>Mannschaftsaufstellung PoB 80<\/strong>:<\/p>\n<p style=\"text-align: center;\"><strong><span style=\"color: #0000ff;\">Martin (Tor) &#8211; Timo (C) &#8211; Bastian &#8211; Hasan &#8211; Hannes &#8211; Marc &#8211; Dennis\u00a0<\/span><br \/>\n<\/strong><\/p>\n<p style=\"text-align: center;\"><strong>Tore:<\/strong><\/p>\n<p style=\"text-align: center;\"><strong><span style=\"color: #0000ff;\">\u00a01 &#8211; 0 Hasan (A: Dennis)<\/span>\u00a0 &lt;&gt;\u00a0<span style=\"color: #0000ff;\"> 2 &#8211; 0 Marc (A: ohne)<\/span>\u00a0 &lt;&gt;\u00a0 <span style=\"color: #ff0000;\">2 &#8211; 1 Gegner\u00a0<\/span> &lt;&gt;\u00a0 <span style=\"color: #ff0000;\">2 &#8211; 2 Gegner<\/span><br \/>\n<\/strong><\/p>\n<p style=\"text-align: center;\"><strong>Spielbericht:<\/strong><\/p>\n<p style=\"text-align: center;\"><strong><span style=\"color: #0000ff;\">Heute wurde dann nach einer klaren Pokalniederlage in der letzten Woche gegen den amtierenden Meister der 1. Liga die Saison mit einem Heimspiel gegen ASG Uni er\u00f6ffnet.\u00a0 <\/span><\/strong><strong><span style=\"color: #0000ff;\">Die PoB kam gut ins Spiel und lie\u00df den Ball in den eigenen Reihen laufen. Hierbei ergaben sich erste Torchancen, welche jedoch zun\u00e4chst ungenutzt blieben. Der Gegner tat sich in dieser Phase des Spiels gegen die taktisch gut sortierte Defensive der PoB schwer.<\/span><\/strong><br \/>\n<strong><span style=\"color: #0000ff;\">So kam es, dass Hasan nach guter Flanke von Dennis sehenswert zum 1-0 einnetzte. Kurze Zeit sp\u00e4ter erh\u00f6hte Marc mit einem Sololauf auf 2-0. <\/span><\/strong><strong><span style=\"color: #0000ff;\">Diesen Vorsprung brachte die PoB schlie\u00dflich in die Pause.<\/span><\/strong><\/p>\n<p><strong><span style=\"color: #0000ff;\">Nach der Pause agierte der Gegner offensiver und kam nun das ein ums andere Mal zu Torchancen. <\/span><\/strong><strong><span style=\"color: #0000ff;\">Die PoB jedoch versuchte mit einem weiteren Treffer den Sack zu zumachen. <\/span><\/strong><strong><span style=\"color: #0000ff;\">Jedoch traf Bastian mit einem Distanzschuss nur die Latte.<\/span><\/strong><\/p>\n<p><strong><span style=\"color: #0000ff;\">Schlie\u00dflich war es ein erfolgreicher Konter (nach eigener Ecke), welcher den Gegner nur vollends wieder ins Spiel brachte. Die Souver\u00e4nit\u00e4t und Leichtigkeit ging der PoB nun ab. Schlie\u00dflich gelang dem Gegner (trotz Wegrutschen des Spielers) durch einen Flachchuss der Ausgleich. <\/span><\/strong><strong><span style=\"color: #0000ff;\">Jetzt stemmte sich die PoB noch einmal gegen den Punktverlust, aber au\u00dfer einem Pfostenschuss durch Hannes nach ruhendem Ball ergaben sich kaum nennenswerte Chancen. <\/span><\/strong><\/p>\n<p><strong><span style=\"color: #0000ff;\">Fazit: Das Unentschieden heute f\u00fchlt sich wie eine Niederlage an. Aber ein kompletter Fehlstart konnte durch den Punktgewinn, gegen einen vermutlich direkten Gegner, abgewendet werden. Jetzt gilt es in der n\u00e4chsten Woche den ersten Dreier der Saison einzufahren.<\/span><\/strong><\/p>\n<p>___________________________________________________________________________<\/p>\n<p style=\"text-align: center;\"><strong>1.Pokalrunde:<\/strong>\u00a0 27.01.2020 &#8211; 19:00 Uhr &#8211; Schwarz Rheindorf &#8211; KuRa A<\/p>\n<h2 style=\"text-align: center;\"><strong>PoB 80\u00a0 \u2013 BSV Roleber<br \/>\n<\/strong><\/h2>\n<h1 style=\"text-align: center;\"><span style=\"color: #0000ff;\">0 \u2013 8<br \/>\n<\/span><\/h1>\n<p style=\"text-align: center;\"><strong>Mannschaftsaufstellung PoB 80<\/strong>:<\/p>\n<p style=\"text-align: center;\"><strong><span style=\"color: #0000ff;\">Martin (Tor) &#8211; Jan &#8211; Dennis &#8211; Micha &#8211; Peter &#8211; Timo (C) &#8211; Bastian<\/span><br \/>\n<\/strong><\/p>\n<p style=\"text-align: center;\"><strong>Tore:<\/strong><\/p>\n<p style=\"text-align: center;\"><strong><span style=\"color: #ff0000;\">\u00a00 &#8211; 1 Gegner<\/span>\u00a0 &lt;&gt;\u00a0 <span style=\"color: #ff0000;\">0 &#8211; 2 Gegner<\/span>\u00a0 &lt;&gt;\u00a0 <span style=\"color: #ff0000;\">0 &#8211; 3 Gegner\u00a0<\/span> &lt;&gt;\u00a0<span style=\"color: #ff0000;\"> 0 &#8211; 4 Gegner\u00a0<\/span> &lt;&gt;<span style=\"color: #ff0000;\">\u00a0 0 &#8211; 5 Gegner\u00a0<\/span> &lt;&gt;<span style=\"color: #ff0000;\">\u00a0 0 &#8211; 6 Gegner<\/span>\u00a0 &lt;&gt;\u00a0 <span style=\"color: #ff0000;\">0 &#8211; 7 Gegner<\/span>\u00a0 &lt;&gt;\u00a0 <span style=\"color: #ff0000;\">0 &#8211; 8 Gegner<\/span><\/strong><\/p>\n<p style=\"text-align: center;\"><strong>Spielbericht:<\/strong><\/p>\n<p style=\"text-align: center;\"><strong><span style=\"color: #0000ff;\">Heute fand die 1. Pokalrunde des BKV statt. Die PoB 80 startete gegen den amtierenden Erstliga Meister, den BSV Roleber, in die neue Saison 2020.<\/span><\/strong><\/p>\n<p style=\"text-align: center;\"><strong><span style=\"color: #0000ff;\">Von Beginn an pressten die G\u00e4ste hoch und attackierte fr\u00fch. So kam der Gegner auch fr\u00fch zu ersten Torsch\u00fcssen &#8211; jedoch erstmal erfolglos. Dies lag nicht zuletzt an der \u00fcberragenden Leistung des Keepers der PoB. Doch schlie\u00dflich gingen die G\u00e4ste durch ein ungl\u00fccklich abgef\u00e4lschtes Eigentor durch Bastian in F\u00fchrung. Postwendend hatte die PoB jedoch die Chance auf den Ausgleich, doch leider traf Bastian aus spitzem Winkel nur den Pfosten. Schlie\u00dflich war es wieder ein Eigentor durch Jan, welche den G\u00e4sten das 0-2 bescherte. Doch die PoB gab sich nicht auf und hatte jetzt auch einige Chancen. Kurz vor dem Pausenpfiff gelang den G\u00e4sten dann durch einen Strafsto\u00df, nach einem Foul von Jan, die 0-3 Pausenf\u00fchrung.<\/span><\/strong><\/p>\n<p style=\"text-align: center;\"><strong><span style=\"color: #0000ff;\">In der Halbzeit ver\u00e4nderte der Kapit\u00e4n die Taktik. Es sollte mehr Druck \u00fcber Au\u00dfen kommen. <\/span><\/strong><\/p>\n<p style=\"text-align: center;\"><strong><span style=\"color: #0000ff;\">Die Umstellung tat der PoB sichtlich gut und der Gegner brauchte einige Minuten sich auf die neue Ordnung einzustellen. Doch auch jetzt gelang der PoB kein Anschlusstreffer. <\/span><\/strong><strong><span style=\"color: #0000ff;\">Schlie\u00dflich musste die PoB trotz engagierter Leistung und guter 1. Halbzeit in der 2. Halbzeit dem kr\u00e4fteraubenden Spiel ihren Tribut zollen. W\u00e4hrend der Gegner bei 6 zur Verf\u00fcgung stehenden Wechselspielern dauernd f\u00fcr frisches Personal sorgen konnte, hatte die PoB durch 2 kurzfristige verletzungs- bzw. krankheitsbedingte Absagen (Gute Besserung!) nur 1 Wechselspieler auf der Bank.\u00a0 So zog der Gegner schlie\u00dflich auf 0-8 davon. Dem wieder einmal \u00fcberragenden Keeper der PoB und der puren Willenskraft der Spieler war es zu verdanken, dass es nicht zweistellig wurde.<\/span><\/strong><\/p>\n<p style=\"text-align: center;\"><strong><span style=\"color: #0000ff;\">Fazit: Der Sieg der G\u00e4ste geht, wenn auch gef\u00fchlt ein wenig zu hoch, in Ordnung.<\/span><\/strong><\/p>\n<p style=\"text-align: center;\"><strong><span style=\"color: #0000ff;\">Jetzt liegt der Fokus voll auf der Meisterschaft!!! Diese startet in der kommenden Woche.<\/span><\/strong><br \/>\n___________________________________________________________________________<\/p>\n","protected":false},"excerpt":{"rendered":"<p>6.Spieltag:\u00a0 07.09.2020 &#8211; 19:00 Uhr &#8211; Schwarz Rheindorf &#8211; KuRa A PoB 80\u00a0 \u2013 Team Zack 8 \u2013 1\u00a0 Mannschaftsaufstellung PoB 80: Merte (Tor) &#8211; Hannes &#8211; Hasan &#8211; Micha &#8211; Malte &#8211;\u00a0 Flo &#8211; Timo (C) &#8211; Sammy Tore: 0 : 1 Gegner &lt;&gt;\u00a0 1 : 1 Sammy (A: Malte) &lt;&gt;\u00a0 2 : 1 &hellip; <a href=\"https:\/\/www.pob80.de\/?page_id=1913\" class=\"more-link\"><span class=\"screen-reader-text\">Ergebnisse 2020<\/span> weiterlesen <span class=\"meta-nav\">&rarr;<\/span><\/a><\/p>\n","protected":false},"author":2,"featured_media":0,"parent":0,"menu_order":0,"comment_status":"closed","ping_status":"closed","template":"","meta":[],"_links":{"self":[{"href":"https:\/\/www.pob80.de\/index.php?rest_route=\/wp\/v2\/pages\/1913"}],"collection":[{"href":"https:\/\/www.pob80.de\/index.php?rest_route=\/wp\/v2\/pages"}],"about":[{"href":"https:\/\/www.pob80.de\/index.php?rest_route=\/wp\/v2\/types\/page"}],"author":[{"embeddable":true,"href":"https:\/\/www.pob80.de\/index.php?rest_route=\/wp\/v2\/users\/2"}],"replies":[{"embeddable":true,"href":"https:\/\/www.pob80.de\/index.php?rest_route=%2Fwp%2Fv2%2Fcomments&post=1913"}],"version-history":[{"count":13,"href":"https:\/\/www.pob80.de\/index.php?rest_route=\/wp\/v2\/pages\/1913\/revisions"}],"predecessor-version":[{"id":2018,"href":"https:\/\/www.pob80.de\/index.php?rest_route=\/wp\/v2\/pages\/1913\/revisions\/2018"}],"wp:attachment":[{"href":"https:\/\/www.pob80.de\/index.php?rest_route=%2Fwp%2Fv2%2Fmedia&parent=1913"}],"curies":[{"name":"wp","href":"https:\/\/api.w.org\/{rel}","templated":true}]}}