{"id":1546,"date":"2018-12-04T14:00:43","date_gmt":"2018-12-04T13:00:43","guid":{"rendered":"http:\/\/www.pob80.de\/?page_id=1546"},"modified":"2019-09-09T11:55:17","modified_gmt":"2019-09-09T09:55:17","slug":"mannschaftstour-2019","status":"publish","type":"page","link":"https:\/\/www.pob80.de\/?page_id=1546","title":{"rendered":"Mannschaftstour 2019"},"content":{"rendered":"<p style=\"text-align: center;\">2 t\u00e4gige Mannschaftstour nach Hamburg 06. &#8211; 07.09.2019<\/p>\n<p style=\"text-align: center;\">L\u00e4nderspiel EM Quali Deutschland &#8211; Niederlande (06.09.2019)<\/p>\n<p style=\"text-align: center;\">Teilnahme am 10. Cup der Fans als Titelverteidiger (07.09.2019)<\/p>\n<p style=\"text-align: center;\">P\u00fcnktlich um 08:00 Uhr fuhr der Bus in Bonn los um nach ca. 9 Stunden Fahrt endlich in Hamburg anzukommen. Nachdem jeder sein Zimmer aufgesucht hatte, sich mehr oder weniger Frisch gemacht hatte, ging es gegen 18:00 Uhr Richtung Volkspark Stadion, wo wir das Qualifikationsspiel Deutschland \u2013 Niederlande uns angeschaut hatten. Das Spielergebnis sollte jedem ja bekannt sein und ich erspare mir hier ein Bericht \u00fcber das Spiel. Da die Temperaturen in Hamburg relativ hoch waren (18 \u00b0 C) mussten wir den Fl\u00fcssigkeitshaushalt entsprechend auff\u00fcllen. Dies gelang uns sehr gut.<\/p>\n<p style=\"text-align: center;\">Die Stimmung war trotz der Niederlage sehr gut, sodass wir nach dem Spiel noch die Reeperbahn besucht haben. Nach kurzer \u00dcberlegung wo wir den Abend ausklingen lassen wollen, fiel der Name \u201eRutsche\u201c, und schon war die Entscheidung gefallen. Einige k\u00f6nnen sich sicherlich noch an den legend\u00e4ren Abend in der Rutsche erinnern :-).<\/p>\n<p style=\"text-align: center;\">Gegen 3:15 Uhr in der Fr\u00fch mussten wir uns leider aufmachen, da bereits um 08:30 Uhr sich der Bus f\u00fcr die Fu\u00dfballer in Richtung Schanzenviertel bewegte, wo wir als Titelverteidiger beim 10. Cup der Fans angetreten sind.<\/p>\n<p style=\"text-align: center;\">Dank der Sektion Rheinland und dem Fanclub konnte die PoB80 \u00fcberhaupt antreten. Da\u00a0 an diesem Wochenende in Bonn die Gro\u00dfkirmes P\u00fcMa stattfand, konnte der gr\u00f6\u00dfte Teil der PoB80 leider nicht mitfahren (Quasi alle Polizisten). \u00a0So wurden wir mit 6 \u201eFremdspielern\u201c aufgef\u00fcllt, damit wir \u00fcberhaupt spielen konnten.<\/p>\n<p style=\"text-align: center;\">Da wir noch nie so zusammengespielt hatten, waren es echt ganz gute Ergebnisse.<\/p>\n<p style=\"text-align: center;\">1.Spiel gegen die Gastrokicker 0 \u2013 0 , 2 Spiel gegen die Schnickser 1 &#8211; 0 gewonnen, 3. Spiel gegen die Sektion Rheinland I 0 &#8211; 0 und das 4.Spiel wurde gegen den sp\u00e4teren Turniersieger den L\u00fcnem\u00fcnster Luden mit 0 \u2013 3 verloren.\u00a0 Somit sind wir als Titelverteidiger als Gruppen 4. fr\u00fchzeitig ausgeschieden.<\/p>\n<p style=\"text-align: center;\">Nichtsdestotrotz hat es wieder einmal mega Spa\u00df gemacht. Gerne h\u00e4tten Peter und Dirk diesen Spa\u00df mit allen anderen geteilt. Manchmal ist es ein Vorteil wenn man kein Polizist ist.<\/p>\n<p style=\"text-align: center;\">Stimmt\u00b4s Peter?\u00a0 \ud83d\ude42<\/p>\n<p style=\"text-align: center;\">Ein paar Bilder gibt es auch noch &#8230;.einfach mal unter Fotos schauen<\/p>\n<p>&nbsp;<\/p>\n<p style=\"text-align: center;\">CUP DER FANS: WESTERMANN LOST GRUPPEN AUS<\/p>\n<p><img loading=\"lazy\" class=\"wp-image-1811 aligncenter\" src=\"https:\/\/www.pob80.de\/wp-content\/uploads\/FB_IMG_15669125923801-579x1024.jpg\" alt=\"\" width=\"389\" height=\"688\" srcset=\"https:\/\/www.pob80.de\/wp-content\/uploads\/FB_IMG_15669125923801-579x1024.jpg 579w, https:\/\/www.pob80.de\/wp-content\/uploads\/FB_IMG_15669125923801-170x300.jpg 170w, https:\/\/www.pob80.de\/wp-content\/uploads\/FB_IMG_15669125923801-768x1358.jpg 768w, https:\/\/www.pob80.de\/wp-content\/uploads\/FB_IMG_15669125923801.jpg 1158w\" sizes=\"(max-width: 389px) 100vw, 389px\" \/><\/p>\n<p style=\"text-align: center;\">Der Countdown l\u00e4uft:\u00a0Am 7. September wird der zehnte\u00a0Cup der Fans\u00a0im Sternschanzenpark Hamburg angepfiffen \u2013 und jetzt stehen auch die Gruppen fest. Losfee\u00a0Heiko Westermann\u00a0hat die 19 Teams auf drei F\u00fcnfergruppen und eine Vierergruppe aufgeteilt. Der 27-malige Nationalspieler und aktuelle Co-Trainer der U 15-Nationalmannschaft zog die Lose in der DFB-Zentrale in Frankfurt am Main direkt aus der Troph\u00e4e, die jedes der teilnehmenden Hobby-Teams erringen m\u00f6chte.<br \/>\nUnd Heiko Westermann hatte ein gutes H\u00e4ndchen. So kommt es in der Gruppe A zum Rhein-Derby zwischen den Titelverteidigern &#8222;PoB 80&#8220;\u00a0und &#8222;Sektion Rheinland 1&#8220;. Komplettiert wird die F\u00fcnfergruppe von den Stammg\u00e4sten &#8222;L\u00fcnem\u00fcnster Luden&#8220;, den Siegern aus dem Jahr 2015, den &#8222;Schnicksern&#8220;\u00a0und den &#8222;Gastrokickern&#8220;. In der Gruppe B wittern &#8222;Die Preu\u00dfen&#8220;\u00a0nach zwei Finalniederlagen in Folge ihre Chance und gelten als Favorit in dem Quintett.<br \/>\nDie Gruppe C wird von den R\u00fcckkehrern &#8222;Die Goldjungs&#8220;\u00a0und der &#8222;VSG Nante&#8220;\u00a0angef\u00fchrt. Gespannt d\u00fcrfte das Teilnehmerfeld auf die Deb\u00fctanten &#8222;Zebras&#8220;\u00a0blicken, die f\u00fcr eine \u00dcberraschung sorgen wollen. Besonders brisant wird es in der Gruppe D zu sich gehen. Mit &#8222;Nordsturm 1&#8220;\u00a0und &#8222;Nordsturm 3&#8220;\u00a0m\u00f6chte Fan Club-Betreuer Christian Meiske gleich mit zwei Teams ins Viertelfinale einziehen.<\/p>\n","protected":false},"excerpt":{"rendered":"<p>2 t\u00e4gige Mannschaftstour nach Hamburg 06. &#8211; 07.09.2019 L\u00e4nderspiel EM Quali Deutschland &#8211; Niederlande (06.09.2019) Teilnahme am 10. Cup der Fans als Titelverteidiger (07.09.2019) P\u00fcnktlich um 08:00 Uhr fuhr der Bus in Bonn los um nach ca. 9 Stunden Fahrt endlich in Hamburg anzukommen. Nachdem jeder sein Zimmer aufgesucht hatte, sich mehr oder weniger Frisch &hellip; <a href=\"https:\/\/www.pob80.de\/?page_id=1546\" class=\"more-link\"><span class=\"screen-reader-text\">Mannschaftstour 2019<\/span> weiterlesen <span class=\"meta-nav\">&rarr;<\/span><\/a><\/p>\n","protected":false},"author":2,"featured_media":0,"parent":0,"menu_order":0,"comment_status":"closed","ping_status":"closed","template":"","meta":[],"_links":{"self":[{"href":"https:\/\/www.pob80.de\/index.php?rest_route=\/wp\/v2\/pages\/1546"}],"collection":[{"href":"https:\/\/www.pob80.de\/index.php?rest_route=\/wp\/v2\/pages"}],"about":[{"href":"https:\/\/www.pob80.de\/index.php?rest_route=\/wp\/v2\/types\/page"}],"author":[{"embeddable":true,"href":"https:\/\/www.pob80.de\/index.php?rest_route=\/wp\/v2\/users\/2"}],"replies":[{"embeddable":true,"href":"https:\/\/www.pob80.de\/index.php?rest_route=%2Fwp%2Fv2%2Fcomments&post=1546"}],"version-history":[{"count":8,"href":"https:\/\/www.pob80.de\/index.php?rest_route=\/wp\/v2\/pages\/1546\/revisions"}],"predecessor-version":[{"id":1832,"href":"https:\/\/www.pob80.de\/index.php?rest_route=\/wp\/v2\/pages\/1546\/revisions\/1832"}],"wp:attachment":[{"href":"https:\/\/www.pob80.de\/index.php?rest_route=%2Fwp%2Fv2%2Fmedia&parent=1546"}],"curies":[{"name":"wp","href":"https:\/\/api.w.org\/{rel}","templated":true}]}}