{"id":1544,"date":"2018-12-04T14:00:28","date_gmt":"2018-12-04T13:00:28","guid":{"rendered":"http:\/\/www.pob80.de\/?page_id=1544"},"modified":"2019-09-09T13:42:03","modified_gmt":"2019-09-09T11:42:03","slug":"fotos-2019","status":"publish","type":"page","link":"https:\/\/www.pob80.de\/?page_id=1544","title":{"rendered":"Fotos 2019"},"content":{"rendered":"<p style=\"text-align: center;\">Der Siegerpokal 10. Cup der Fans<\/p>\n<p><img loading=\"lazy\" class=\"wp-image-1823 aligncenter\" src=\"https:\/\/www.pob80.de\/wp-content\/uploads\/20190907_1404031-e1568021173504-768x1024.jpg\" alt=\"\" width=\"469\" height=\"625\" srcset=\"https:\/\/www.pob80.de\/wp-content\/uploads\/20190907_1404031-e1568021173504-768x1024.jpg 768w, https:\/\/www.pob80.de\/wp-content\/uploads\/20190907_1404031-e1568021173504-225x300.jpg 225w\" sizes=\"(max-width: 469px) 100vw, 469px\" \/><\/p>\n<p style=\"text-align: center;\">Der Titelverteidiger<\/p>\n<p><img loading=\"lazy\" class=\"wp-image-1824 aligncenter\" src=\"https:\/\/www.pob80.de\/wp-content\/uploads\/IMG-20190906-WA00141-768x1024.jpg\" alt=\"\" width=\"466\" height=\"621\" srcset=\"https:\/\/www.pob80.de\/wp-content\/uploads\/IMG-20190906-WA00141-768x1024.jpg 768w, https:\/\/www.pob80.de\/wp-content\/uploads\/IMG-20190906-WA00141-225x300.jpg 225w, https:\/\/www.pob80.de\/wp-content\/uploads\/IMG-20190906-WA00141.jpg 1200w\" sizes=\"(max-width: 466px) 100vw, 466px\" \/> <img loading=\"lazy\" class=\"wp-image-1825 aligncenter\" src=\"https:\/\/www.pob80.de\/wp-content\/uploads\/IMG-20190906-WA00151-768x1024.jpg\" alt=\"\" width=\"467\" height=\"623\" srcset=\"https:\/\/www.pob80.de\/wp-content\/uploads\/IMG-20190906-WA00151-768x1024.jpg 768w, https:\/\/www.pob80.de\/wp-content\/uploads\/IMG-20190906-WA00151-225x300.jpg 225w, https:\/\/www.pob80.de\/wp-content\/uploads\/IMG-20190906-WA00151.jpg 1200w\" sizes=\"(max-width: 467px) 100vw, 467px\" \/><\/p>\n<p style=\"text-align: center;\">PoB80 beim 10.Cup der Fans<\/p>\n<p style=\"text-align: center;\">Besten Dank f\u00fcr die Unterst\u00fctzung an unsere &#8222;Auff\u00fcller&#8220;<\/p>\n<p style=\"text-align: center;\">von hinten links: \u00a0 \u00a0 \u00a0 \u00a0 \u00a0 \u00a0\u00a0 Leonie O. &#8211; Peter St. &#8211; Stefan G. &#8211; Thorsten H.<\/p>\n<p style=\"text-align: center;\">vorne links: \u00a0 \u00a0 \u00a0 \u00a0 \u00a0 \u00a0 \u00a0 \u00a0 \u00a0 \u00a0\u00a0 Michael O. &#8211; Dirk M. &#8211; Alex P. &#8211; Andreas G.<\/p>\n<p><img loading=\"lazy\" class=\"wp-image-1826 aligncenter\" src=\"https:\/\/www.pob80.de\/wp-content\/uploads\/IMG-20190907-WA00031-1024x768.jpg\" alt=\"\" width=\"477\" height=\"358\" srcset=\"https:\/\/www.pob80.de\/wp-content\/uploads\/IMG-20190907-WA00031-1024x768.jpg 1024w, https:\/\/www.pob80.de\/wp-content\/uploads\/IMG-20190907-WA00031-300x225.jpg 300w, https:\/\/www.pob80.de\/wp-content\/uploads\/IMG-20190907-WA00031-768x576.jpg 768w, https:\/\/www.pob80.de\/wp-content\/uploads\/IMG-20190907-WA00031.jpg 1600w\" sizes=\"(max-width: 477px) 100vw, 477px\" \/><\/p>\n<p style=\"text-align: center;\">Kurzzeitige prominente Unterst\u00fctzung f\u00fcr die PoB80, der 35 fache deutsche Nationalspieler Piotr Trochowski. F\u00fcr 5 Min. trug er das Trikot der PoB80 \ud83d\ude42<\/p>\n<p style=\"text-align: center;\">(das hat er allerdings auch f\u00fcr die anderen Mannschaften gemacht )<\/p>\n<p><img loading=\"lazy\" class=\"wp-image-1827 aligncenter\" src=\"https:\/\/www.pob80.de\/wp-content\/uploads\/IMG-20190907-WA00051-1024x768.jpg\" alt=\"\" width=\"477\" height=\"358\" srcset=\"https:\/\/www.pob80.de\/wp-content\/uploads\/IMG-20190907-WA00051-1024x768.jpg 1024w, https:\/\/www.pob80.de\/wp-content\/uploads\/IMG-20190907-WA00051-300x225.jpg 300w, https:\/\/www.pob80.de\/wp-content\/uploads\/IMG-20190907-WA00051-768x576.jpg 768w, https:\/\/www.pob80.de\/wp-content\/uploads\/IMG-20190907-WA00051.jpg 1600w\" sizes=\"(max-width: 477px) 100vw, 477px\" \/> <img loading=\"lazy\" class=\"wp-image-1828 aligncenter\" src=\"https:\/\/www.pob80.de\/wp-content\/uploads\/IMG-20190907-WA00041-1024x768.jpg\" alt=\"\" width=\"479\" height=\"359\" srcset=\"https:\/\/www.pob80.de\/wp-content\/uploads\/IMG-20190907-WA00041-1024x768.jpg 1024w, https:\/\/www.pob80.de\/wp-content\/uploads\/IMG-20190907-WA00041-300x225.jpg 300w, https:\/\/www.pob80.de\/wp-content\/uploads\/IMG-20190907-WA00041-768x576.jpg 768w, https:\/\/www.pob80.de\/wp-content\/uploads\/IMG-20190907-WA00041.jpg 1600w\" sizes=\"(max-width: 479px) 100vw, 479px\" \/> <img loading=\"lazy\" class=\"wp-image-1829 aligncenter\" src=\"https:\/\/www.pob80.de\/wp-content\/uploads\/IMG-20190907-WA00061-1024x768.jpg\" alt=\"\" width=\"478\" height=\"358\" srcset=\"https:\/\/www.pob80.de\/wp-content\/uploads\/IMG-20190907-WA00061-1024x768.jpg 1024w, https:\/\/www.pob80.de\/wp-content\/uploads\/IMG-20190907-WA00061-300x225.jpg 300w, https:\/\/www.pob80.de\/wp-content\/uploads\/IMG-20190907-WA00061-768x576.jpg 768w, https:\/\/www.pob80.de\/wp-content\/uploads\/IMG-20190907-WA00061.jpg 1600w\" sizes=\"(max-width: 478px) 100vw, 478px\" \/><\/p>\n","protected":false},"excerpt":{"rendered":"<p>Der Siegerpokal 10. Cup der Fans Der Titelverteidiger PoB80 beim 10.Cup der Fans Besten Dank f\u00fcr die Unterst\u00fctzung an unsere &#8222;Auff\u00fcller&#8220; von hinten links: \u00a0 \u00a0 \u00a0 \u00a0 \u00a0 \u00a0\u00a0 Leonie O. &#8211; Peter St. &#8211; Stefan G. &#8211; Thorsten H. vorne links: \u00a0 \u00a0 \u00a0 \u00a0 \u00a0 \u00a0 \u00a0 \u00a0 \u00a0 \u00a0\u00a0 Michael O. &hellip; <a href=\"https:\/\/www.pob80.de\/?page_id=1544\" class=\"more-link\"><span class=\"screen-reader-text\">Fotos 2019<\/span> weiterlesen <span class=\"meta-nav\">&rarr;<\/span><\/a><\/p>\n","protected":false},"author":2,"featured_media":0,"parent":0,"menu_order":0,"comment_status":"closed","ping_status":"closed","template":"","meta":[],"_links":{"self":[{"href":"https:\/\/www.pob80.de\/index.php?rest_route=\/wp\/v2\/pages\/1544"}],"collection":[{"href":"https:\/\/www.pob80.de\/index.php?rest_route=\/wp\/v2\/pages"}],"about":[{"href":"https:\/\/www.pob80.de\/index.php?rest_route=\/wp\/v2\/types\/page"}],"author":[{"embeddable":true,"href":"https:\/\/www.pob80.de\/index.php?rest_route=\/wp\/v2\/users\/2"}],"replies":[{"embeddable":true,"href":"https:\/\/www.pob80.de\/index.php?rest_route=%2Fwp%2Fv2%2Fcomments&post=1544"}],"version-history":[{"count":4,"href":"https:\/\/www.pob80.de\/index.php?rest_route=\/wp\/v2\/pages\/1544\/revisions"}],"predecessor-version":[{"id":1833,"href":"https:\/\/www.pob80.de\/index.php?rest_route=\/wp\/v2\/pages\/1544\/revisions\/1833"}],"wp:attachment":[{"href":"https:\/\/www.pob80.de\/index.php?rest_route=%2Fwp%2Fv2%2Fmedia&parent=1544"}],"curies":[{"name":"wp","href":"https:\/\/api.w.org\/{rel}","templated":true}]}}