{"id":1294,"date":"2018-04-10T09:57:07","date_gmt":"2018-04-10T07:57:07","guid":{"rendered":"http:\/\/www.pob80.de\/?page_id=1294"},"modified":"2018-04-10T09:59:17","modified_gmt":"2018-04-10T07:59:17","slug":"pokalspiel-gegen-torpedo-immenburg-pokal-09-04-2018","status":"publish","type":"page","link":"https:\/\/www.pob80.de\/?page_id=1294","title":{"rendered":"Pokalspiel gegen Torpedo Immenburg (09-04-2018)"},"content":{"rendered":"<div id='gallery-1' class='gallery galleryid-1294 gallery-columns-4 gallery-size-thumbnail'><figure class='gallery-item'>\n\t\t\t<div class='gallery-icon landscape'>\n\t\t\t\t<a href='https:\/\/www.pob80.de\/?attachment_id=1296'><img width=\"200\" height=\"200\" src=\"https:\/\/www.pob80.de\/wp-content\/uploads\/IMG-20180410-WA0000-200x200.jpg\" class=\"attachment-thumbnail size-thumbnail\" alt=\"\" loading=\"lazy\" aria-describedby=\"gallery-1-1296\" \/><\/a>\n\t\t\t<\/div>\n\t\t\t\t<figcaption class='wp-caption-text gallery-caption' id='gallery-1-1296'>\n\t\t\t\tBegr\u00fc\u00dfung vor dem Spiel\n\t\t\t\t<\/figcaption><\/figure><figure class='gallery-item'>\n\t\t\t<div class='gallery-icon landscape'>\n\t\t\t\t<a href='https:\/\/www.pob80.de\/?attachment_id=1297'><img width=\"200\" height=\"200\" src=\"https:\/\/www.pob80.de\/wp-content\/uploads\/IMG-20180410-WA0001-200x200.jpg\" class=\"attachment-thumbnail size-thumbnail\" alt=\"\" loading=\"lazy\" aria-describedby=\"gallery-1-1297\" \/><\/a>\n\t\t\t<\/div>\n\t\t\t\t<figcaption class='wp-caption-text gallery-caption' id='gallery-1-1297'>\n\t\t\t\tInsbesondere Peter strahlt Lockerheit aus, w\u00e4hrend Micha schon im Tunnel ist\n\t\t\t\t<\/figcaption><\/figure><figure class='gallery-item'>\n\t\t\t<div class='gallery-icon landscape'>\n\t\t\t\t<a href='https:\/\/www.pob80.de\/?attachment_id=1298'><img width=\"200\" height=\"200\" src=\"https:\/\/www.pob80.de\/wp-content\/uploads\/IMG-20180410-WA0002-200x200.jpg\" class=\"attachment-thumbnail size-thumbnail\" alt=\"\" loading=\"lazy\" aria-describedby=\"gallery-1-1298\" \/><\/a>\n\t\t\t<\/div>\n\t\t\t\t<figcaption class='wp-caption-text gallery-caption' id='gallery-1-1298'>\n\t\t\t\tglaube das wird das 1:0!??!\n\t\t\t\t<\/figcaption><\/figure><figure class='gallery-item'>\n\t\t\t<div class='gallery-icon landscape'>\n\t\t\t\t<a href='https:\/\/www.pob80.de\/?attachment_id=1299'><img width=\"200\" height=\"200\" src=\"https:\/\/www.pob80.de\/wp-content\/uploads\/IMG-20180410-WA0003-200x200.jpg\" class=\"attachment-thumbnail size-thumbnail\" alt=\"\" loading=\"lazy\" \/><\/a>\n\t\t\t<\/div><\/figure><figure class='gallery-item'>\n\t\t\t<div class='gallery-icon landscape'>\n\t\t\t\t<a href='https:\/\/www.pob80.de\/?attachment_id=1300'><img width=\"200\" height=\"200\" src=\"https:\/\/www.pob80.de\/wp-content\/uploads\/IMG-20180410-WA0004-200x200.jpg\" class=\"attachment-thumbnail size-thumbnail\" alt=\"\" loading=\"lazy\" \/><\/a>\n\t\t\t<\/div><\/figure><figure class='gallery-item'>\n\t\t\t<div class='gallery-icon landscape'>\n\t\t\t\t<a href='https:\/\/www.pob80.de\/?attachment_id=1301'><img width=\"200\" height=\"200\" src=\"https:\/\/www.pob80.de\/wp-content\/uploads\/IMG-20180410-WA0005-200x200.jpg\" class=\"attachment-thumbnail size-thumbnail\" alt=\"\" loading=\"lazy\" aria-describedby=\"gallery-1-1301\" \/><\/a>\n\t\t\t<\/div>\n\t\t\t\t<figcaption class='wp-caption-text gallery-caption' id='gallery-1-1301'>\n\t\t\t\tStarke Bank mit ohne Bank\n\t\t\t\t<\/figcaption><\/figure><figure class='gallery-item'>\n\t\t\t<div class='gallery-icon landscape'>\n\t\t\t\t<a href='https:\/\/www.pob80.de\/?attachment_id=1302'><img width=\"200\" height=\"200\" src=\"https:\/\/www.pob80.de\/wp-content\/uploads\/IMG-20180410-WA0006-200x200.jpg\" class=\"attachment-thumbnail size-thumbnail\" alt=\"\" loading=\"lazy\" aria-describedby=\"gallery-1-1302\" \/><\/a>\n\t\t\t<\/div>\n\t\t\t\t<figcaption class='wp-caption-text gallery-caption' id='gallery-1-1302'>\n\t\t\t\t2:0?\n\t\t\t\t<\/figcaption><\/figure><figure class='gallery-item'>\n\t\t\t<div class='gallery-icon landscape'>\n\t\t\t\t<a href='https:\/\/www.pob80.de\/?attachment_id=1303'><img width=\"200\" height=\"200\" src=\"https:\/\/www.pob80.de\/wp-content\/uploads\/IMG-20180410-WA0007-200x200.jpg\" class=\"attachment-thumbnail size-thumbnail\" alt=\"\" loading=\"lazy\" aria-describedby=\"gallery-1-1303\" \/><\/a>\n\t\t\t<\/div>\n\t\t\t\t<figcaption class='wp-caption-text gallery-caption' id='gallery-1-1303'>\n\t\t\t\tZumindest wurde gejubelt!\n\t\t\t\t<\/figcaption><\/figure><figure class='gallery-item'>\n\t\t\t<div class='gallery-icon landscape'>\n\t\t\t\t<a href='https:\/\/www.pob80.de\/?attachment_id=1304'><img width=\"200\" height=\"200\" src=\"https:\/\/www.pob80.de\/wp-content\/uploads\/IMG-20180410-WA0008-200x200.jpg\" class=\"attachment-thumbnail size-thumbnail\" alt=\"\" loading=\"lazy\" \/><\/a>\n\t\t\t<\/div><\/figure><figure class='gallery-item'>\n\t\t\t<div class='gallery-icon landscape'>\n\t\t\t\t<a href='https:\/\/www.pob80.de\/?attachment_id=1305'><img width=\"200\" height=\"200\" src=\"https:\/\/www.pob80.de\/wp-content\/uploads\/IMG-20180410-WA0009-200x200.jpg\" class=\"attachment-thumbnail size-thumbnail\" alt=\"\" loading=\"lazy\" aria-describedby=\"gallery-1-1305\" \/><\/a>\n\t\t\t<\/div>\n\t\t\t\t<figcaption class='wp-caption-text gallery-caption' id='gallery-1-1305'>\n\t\t\t\tMan ist zufrieden, aber NOCH nicht \u00fcberheblich!\n\t\t\t\t<\/figcaption><\/figure><figure class='gallery-item'>\n\t\t\t<div class='gallery-icon landscape'>\n\t\t\t\t<a href='https:\/\/www.pob80.de\/?attachment_id=1306'><img width=\"200\" height=\"200\" src=\"https:\/\/www.pob80.de\/wp-content\/uploads\/IMG-20180410-WA0010-200x200.jpg\" class=\"attachment-thumbnail size-thumbnail\" alt=\"\" loading=\"lazy\" aria-describedby=\"gallery-1-1306\" \/><\/a>\n\t\t\t<\/div>\n\t\t\t\t<figcaption class='wp-caption-text gallery-caption' id='gallery-1-1306'>\n\t\t\t\tMichaaas Manni Kaltz Ged\u00e4chtnis Bananenflanke brachte das 3:0 (?) durch einen genialen Kopfball von Timo. Sorry, leider doch nicht im Bild, musste Autogramme geben.\n\t\t\t\t<\/figcaption><\/figure><figure class='gallery-item'>\n\t\t\t<div class='gallery-icon landscape'>\n\t\t\t\t<a href='https:\/\/www.pob80.de\/?attachment_id=1307'><img width=\"200\" height=\"200\" src=\"https:\/\/www.pob80.de\/wp-content\/uploads\/IMG-20180410-WA0011-200x200.jpg\" class=\"attachment-thumbnail size-thumbnail\" alt=\"\" loading=\"lazy\" aria-describedby=\"gallery-1-1307\" \/><\/a>\n\t\t\t<\/div>\n\t\t\t\t<figcaption class='wp-caption-text gallery-caption' id='gallery-1-1307'>\n\t\t\t\tSpiel ohne Ball?\n\t\t\t\t<\/figcaption><\/figure><figure class='gallery-item'>\n\t\t\t<div class='gallery-icon landscape'>\n\t\t\t\t<a href='https:\/\/www.pob80.de\/?attachment_id=1308'><img width=\"200\" height=\"200\" src=\"https:\/\/www.pob80.de\/wp-content\/uploads\/IMG-20180410-WA0012-200x200.jpg\" class=\"attachment-thumbnail size-thumbnail\" alt=\"\" loading=\"lazy\" \/><\/a>\n\t\t\t<\/div><\/figure><figure class='gallery-item'>\n\t\t\t<div class='gallery-icon landscape'>\n\t\t\t\t<a href='https:\/\/www.pob80.de\/?attachment_id=1309'><img width=\"200\" height=\"200\" src=\"https:\/\/www.pob80.de\/wp-content\/uploads\/IMG-20180410-WA0013-200x200.jpg\" class=\"attachment-thumbnail size-thumbnail\" alt=\"\" loading=\"lazy\" aria-describedby=\"gallery-1-1309\" \/><\/a>\n\t\t\t<\/div>\n\t\t\t\t<figcaption class='wp-caption-text gallery-caption' id='gallery-1-1309'>\n\t\t\t\tNach dem 4:0\n\t\t\t\t<\/figcaption><\/figure><figure class='gallery-item'>\n\t\t\t<div class='gallery-icon portrait'>\n\t\t\t\t<a href='https:\/\/www.pob80.de\/?attachment_id=1310'><img width=\"200\" height=\"200\" src=\"https:\/\/www.pob80.de\/wp-content\/uploads\/IMG-20180410-WA0014-200x200.jpg\" class=\"attachment-thumbnail size-thumbnail\" alt=\"\" loading=\"lazy\" aria-describedby=\"gallery-1-1310\" \/><\/a>\n\t\t\t<\/div>\n\t\t\t\t<figcaption class='wp-caption-text gallery-caption' id='gallery-1-1310'>\n\t\t\t\tman ist zufrieden mit sich und der Welt, aber&#8230;\n\t\t\t\t<\/figcaption><\/figure><figure class='gallery-item'>\n\t\t\t<div class='gallery-icon landscape'>\n\t\t\t\t<a href='https:\/\/www.pob80.de\/?attachment_id=1311'><img width=\"200\" height=\"200\" src=\"https:\/\/www.pob80.de\/wp-content\/uploads\/IMG-20180410-WA0015-200x200.jpg\" class=\"attachment-thumbnail size-thumbnail\" alt=\"\" loading=\"lazy\" aria-describedby=\"gallery-1-1311\" \/><\/a>\n\t\t\t<\/div>\n\t\t\t\t<figcaption class='wp-caption-text gallery-caption' id='gallery-1-1311'>\n\t\t\t\t&#8230; der Gegner war nicht so schlecht, wie das Zwischenergebnis aussagt.\n\t\t\t\t<\/figcaption><\/figure><figure class='gallery-item'>\n\t\t\t<div class='gallery-icon landscape'>\n\t\t\t\t<a href='https:\/\/www.pob80.de\/?attachment_id=1312'><img width=\"200\" height=\"200\" src=\"https:\/\/www.pob80.de\/wp-content\/uploads\/IMG-20180410-WA0016-200x200.jpg\" class=\"attachment-thumbnail size-thumbnail\" alt=\"\" loading=\"lazy\" aria-describedby=\"gallery-1-1312\" \/><\/a>\n\t\t\t<\/div>\n\t\t\t\t<figcaption class='wp-caption-text gallery-caption' id='gallery-1-1312'>\n\t\t\t\tUnd mit Hilfe des Schiedsrichters, mit einer Fehlentscheidung f\u00fcr die Geschichtsb\u00fccher, fand der Gegner durch das 4:1 wieder zur\u00fcck ins Spiel.\n\t\t\t\t<\/figcaption><\/figure><figure class='gallery-item'>\n\t\t\t<div class='gallery-icon landscape'>\n\t\t\t\t<a href='https:\/\/www.pob80.de\/?attachment_id=1313'><img width=\"200\" height=\"200\" src=\"https:\/\/www.pob80.de\/wp-content\/uploads\/IMG-20180410-WA0017-200x200.jpg\" class=\"attachment-thumbnail size-thumbnail\" alt=\"\" loading=\"lazy\" \/><\/a>\n\t\t\t<\/div><\/figure><figure class='gallery-item'>\n\t\t\t<div class='gallery-icon portrait'>\n\t\t\t\t<a href='https:\/\/www.pob80.de\/?attachment_id=1314'><img width=\"200\" height=\"200\" src=\"https:\/\/www.pob80.de\/wp-content\/uploads\/IMG-20180410-WA0018-200x200.jpg\" class=\"attachment-thumbnail size-thumbnail\" alt=\"\" loading=\"lazy\" \/><\/a>\n\t\t\t<\/div><\/figure><figure class='gallery-item'>\n\t\t\t<div class='gallery-icon portrait'>\n\t\t\t\t<a href='https:\/\/www.pob80.de\/?attachment_id=1315'><img width=\"200\" height=\"200\" src=\"https:\/\/www.pob80.de\/wp-content\/uploads\/IMG-20180410-WA0019-200x200.jpg\" class=\"attachment-thumbnail size-thumbnail\" alt=\"\" loading=\"lazy\" \/><\/a>\n\t\t\t<\/div><\/figure><figure class='gallery-item'>\n\t\t\t<div class='gallery-icon landscape'>\n\t\t\t\t<a href='https:\/\/www.pob80.de\/?attachment_id=1316'><img width=\"200\" height=\"200\" src=\"https:\/\/www.pob80.de\/wp-content\/uploads\/IMG-20180410-WA0020-200x200.jpg\" class=\"attachment-thumbnail size-thumbnail\" alt=\"\" loading=\"lazy\" \/><\/a>\n\t\t\t<\/div><\/figure><figure class='gallery-item'>\n\t\t\t<div class='gallery-icon landscape'>\n\t\t\t\t<a href='https:\/\/www.pob80.de\/?attachment_id=1317'><img width=\"200\" height=\"200\" src=\"https:\/\/www.pob80.de\/wp-content\/uploads\/IMG-20180410-WA0021-200x200.jpg\" class=\"attachment-thumbnail size-thumbnail\" alt=\"\" loading=\"lazy\" \/><\/a>\n\t\t\t<\/div><\/figure><figure class='gallery-item'>\n\t\t\t<div class='gallery-icon landscape'>\n\t\t\t\t<a href='https:\/\/www.pob80.de\/?attachment_id=1318'><img width=\"200\" height=\"200\" src=\"https:\/\/www.pob80.de\/wp-content\/uploads\/IMG-20180410-WA0022-200x200.jpg\" class=\"attachment-thumbnail size-thumbnail\" alt=\"\" loading=\"lazy\" \/><\/a>\n\t\t\t<\/div><\/figure><figure class='gallery-item'>\n\t\t\t<div class='gallery-icon portrait'>\n\t\t\t\t<a href='https:\/\/www.pob80.de\/?attachment_id=1319'><img width=\"200\" height=\"200\" src=\"https:\/\/www.pob80.de\/wp-content\/uploads\/IMG-20180410-WA0023-200x200.jpg\" class=\"attachment-thumbnail size-thumbnail\" alt=\"\" loading=\"lazy\" \/><\/a>\n\t\t\t<\/div><\/figure>\n\t\t<\/div>\n\n<p>&nbsp;<\/p>\n","protected":false},"excerpt":{"rendered":"<p>&nbsp;<\/p>\n","protected":false},"author":2,"featured_media":0,"parent":0,"menu_order":0,"comment_status":"closed","ping_status":"closed","template":"","meta":[],"_links":{"self":[{"href":"https:\/\/www.pob80.de\/index.php?rest_route=\/wp\/v2\/pages\/1294"}],"collection":[{"href":"https:\/\/www.pob80.de\/index.php?rest_route=\/wp\/v2\/pages"}],"about":[{"href":"https:\/\/www.pob80.de\/index.php?rest_route=\/wp\/v2\/types\/page"}],"author":[{"embeddable":true,"href":"https:\/\/www.pob80.de\/index.php?rest_route=\/wp\/v2\/users\/2"}],"replies":[{"embeddable":true,"href":"https:\/\/www.pob80.de\/index.php?rest_route=%2Fwp%2Fv2%2Fcomments&post=1294"}],"version-history":[{"count":4,"href":"https:\/\/www.pob80.de\/index.php?rest_route=\/wp\/v2\/pages\/1294\/revisions"}],"predecessor-version":[{"id":1323,"href":"https:\/\/www.pob80.de\/index.php?rest_route=\/wp\/v2\/pages\/1294\/revisions\/1323"}],"wp:attachment":[{"href":"https:\/\/www.pob80.de\/index.php?rest_route=%2Fwp%2Fv2%2Fmedia&parent=1294"}],"curies":[{"name":"wp","href":"https:\/\/api.w.org\/{rel}","templated":true}]}}